{"id":87,"date":"2023-07-10T23:18:04","date_gmt":"2023-07-10T23:18:04","guid":{"rendered":"https:\/\/saludmetodoavanzado.com\/?page_id=87"},"modified":"2024-03-13T13:30:27","modified_gmt":"2024-03-13T13:30:27","slug":"condiciones-de-compra","status":"publish","type":"page","link":"https:\/\/saludmetodoavanzado.com\/index.php\/condiciones-de-compra\/","title":{"rendered":"Condiciones de Compra"},"content":{"rendered":"<p>[et_pb_section fb_built=\u00bb1&#8243; admin_label=\u00bbHeader\u00bb _builder_version=\u00bb4.21.0&#8243; _module_preset=\u00bbdefault\u00bb background_color=\u00bb#FF0400&#8243; collapsed=\u00bbon\u00bb global_colors_info=\u00bb{}\u00bb][et_pb_row _builder_version=\u00bb4.19.5&#8243; _module_preset=\u00bbdefault\u00bb max_width=\u00bb700px\u00bb global_colors_info=\u00bb{}\u00bb][et_pb_column type=\u00bb4_4&#8243; _builder_version=\u00bb4.19.5&#8243; _module_preset=\u00bbdefault\u00bb global_colors_info=\u00bb{}\u00bb][et_pb_text _builder_version=\u00bb4.21.0&#8243; _module_preset=\u00bb7c38d41c-47f1-4600-9b19-4ce64b70c712&#8243; header_text_color=\u00bbgcid-f743be1f-46bf-4685-bc55-7e8b347eb98d\u00bb text_orientation=\u00bbcenter\u00bb custom_margin=\u00bb||10px||false|false\u00bb global_colors_info=\u00bb{%22gcid-f743be1f-46bf-4685-bc55-7e8b347eb98d%22:%91%22header_text_color%22%93}\u00bb]<\/p>\n<h1>Condiciones de Compra<\/h1>\n<p>[\/et_pb_text][\/et_pb_column][\/et_pb_row][\/et_pb_section][et_pb_section fb_built=\u00bb1&#8243; admin_label=\u00bbAbout\u00bb _builder_version=\u00bb4.19.5&#8243; _module_preset=\u00bbdefault\u00bb background_color=\u00bbgcid-9464c34f-f9ff-43eb-9668-c958662e33fc\u00bb locked=\u00bboff\u00bb collapsed=\u00bbon\u00bb global_colors_info=\u00bb{%22gcid-9464c34f-f9ff-43eb-9668-c958662e33fc%22:%91%22background_color%22%93}\u00bb][et_pb_row _builder_version=\u00bb4.21.0&#8243; _module_preset=\u00bbdefault\u00bb global_colors_info=\u00bb{}\u00bb][et_pb_column type=\u00bb4_4&#8243; _builder_version=\u00bb4.21.0&#8243; _module_preset=\u00bbdefault\u00bb global_colors_info=\u00bb{}\u00bb][et_pb_text _builder_version=\u00bb4.21.0&#8243; _module_preset=\u00bbdefault\u00bb header_3_text_color=\u00bb#000000&#8243; global_colors_info=\u00bb{}\u00bb]<\/p>\n<p style=\"text-align: justify;\"><strong>SALUD M\u00c9TODO AVANZADO,<\/strong> Nuestra escuela ofrece el servicio de compra on-line, lo que supone un servicio 24h, c\u00f3modo, directo y con todas las ventajas de disponer de una amplia gama de servicios (representados por productos virtuales) y disponibles desde cualquier lugar a trav\u00e9s de una conexi\u00f3n a Internet.<\/p>\n<p style=\"text-align: justify;\">La formalizaci\u00f3n de cualquier relaci\u00f3n comercial a trav\u00e9s de <strong>SALUD M\u00c9TODO AVANZADO<\/strong> requiere el previo registro del cliente en nuestro sitio web.<br \/>Las presentes condiciones generales de contrataci\u00f3n regular\u00e1n expresamente las relaciones comerciales que surjan entre <strong>SALUD M\u00c9TODO AVANZADO<\/strong>, y los Usuarios Registrados que realicen compras o pagos de servicios a trav\u00e9s <strong>www.saludmetodoavanzado.com<\/strong><\/p>\n<p style=\"text-align: justify;\">Las mismas han sido elaboradas de conformidad con las normativas vigentes del pa\u00eds y del \u00e1mbito digital; en la materia.<br \/>Los productos ofertados por SALUD M\u00c9TODO AVANZADO, y los precios de \u00e9stos, estar\u00e1n disponibles para su compra mientras se encuentren en el cat\u00e1logo de productos y\/o servicios visualizados por medio de la web. Los precios son v\u00e1lidos salvo errores tipogr\u00e1ficos o inform\u00e1ticos.<br \/>Se ruega a los usuarios que ante cualquier duda contacten con nosotros y si existe alg\u00fan error el cliente consentir\u00e1 a la empresa a aplicar las correcciones\u00a0 necesarias.<br \/>SALUD M\u00c9TODO AVANZADO se reserva el derecho a modificar sus precios en cualquier momento.<br \/>Los productos se facturar\u00e1n sobre la base de las tarifas en vigor en el momento de la compra o salvo error tipogr\u00e1fico manifiesto.<br \/>SALUD M\u00c9TODO AVANZADO se reserva el derecho a rechazar un pedido de cualquier Usuario con el que tenga un litigio o hayan existido problemas en el pago de compras anteriores.<\/p>\n<h2 style=\"text-align: justify;\"><strong>Obligaciones de Usuarios<\/strong><\/h2>\n<p style=\"text-align: justify;\">El Usuario deber\u00e1 registrarse consignando sus datos personales, y aceptar sin reservas la totalidad de condiciones de este Aviso Legal.<br \/>Todo usuario que realiza una compra a trav\u00e9s de nuestra p\u00e1gina web, se declara mayor de edad y en su caso con plena capacidad para utilizar medios de pago (tarjetas de d\u00e9bito \/ cr\u00e9dito) y que los mismos tienen fondos suficientes para cubrir todos los costes que resultan de la compra de nuestros productos digitales y servicios.<\/p>\n<p style=\"text-align: justify;\">El Usuario puede establecer una o varias solicitudes de compra o pago de productos o servicios ofrecidos a trav\u00e9s de nuestra p\u00e1gina web.<br \/>Al efectuar un pedido, el Usuario acepta las especificaciones y caracter\u00edsticas del producto ofrecido.<\/p>\n<p style=\"text-align: justify;\"><strong>Forma de env\u00edo y costes<\/strong><\/p>\n<p style=\"text-align: justify;\">Al ser productos digitales y servicios; no existe log\u00edstica para estos productos. SALUD M\u00c9TODO AVANZADO se reserva el derecho de rechaza cualquier reclamo con respecto a este punto; considerando que cuando el usuario compra en nuestro sitio web, recibe el acceso a nuestros productos digitales y\/o las citas reservadas para recibir el servicios adquirido.<\/p>\n<p style=\"text-align: justify;\"><strong>Confirmaci\u00f3n de pedidos<\/strong><\/p>\n<p style=\"text-align: justify;\">Se entender\u00e1 que el usuario acepta las condiciones concretas de ese pedido al pulsar el bot\u00f3n de \u201cFinalizar Pago o Comprar\u201d. Una vez efectuada la compra el cliente recibir\u00e1 un email de confirmaci\u00f3n de la operaci\u00f3n realizada.<\/p>\n<p style=\"text-align: justify;\"><strong>Devoluciones y garant\u00edas<\/strong><\/p>\n<p style=\"text-align: justify;\">SALUD M\u00c9TODO AVANZADO expresa claramente, que por servicios y\/o productos digitales no existen devoluciones, y se reserva el derecho de hacer alguna excepci\u00f3n.<br \/>En cualquier caso de adquisici\u00f3n de producto o de servicio, no se contemplar\u00e1 el derecho de desistimiento por parte del cliente una vez realizado el pedido.<\/p>\n<p style=\"text-align: justify;\"><strong>Formas de pago y Seguridad<\/strong><br \/>Para su comodidad, le facilitamos diferentes formas para realizar los pagos de sus pedidos:<\/p>\n<ol type=\"1\" style=\"text-align: justify;\">\n<li>Tarjeta de cr\u00e9dito\/d\u00e9bito.<br \/>Tu pedido ser\u00e1 tramitado inmediatamente.<br \/>Esta forma de pago es inmediata, totalmente segura y verificada por el servidor seguro de Banco Sabadell. En ning\u00fan caso se revelar\u00e1n los datos de la tarjeta de cr\u00e9dito.<br \/>Las tarjetas aceptadas son: Visa y Master Card.<br \/>\u00danicamente ser\u00e1n aceptadas tarjetas de cr\u00e9dito seguras para evitar cualquier posible riesgo o fraude.<br \/>Las tarjetas seguras llevan asociadas unas claves de seguridad y, al finalizar el pago, se transfiere a la p\u00e1gina de la entidad bancaria, d\u00f3nde deber\u00e1 introducirse dichas claves.<br \/>Si no se dispone de una tarjeta securizada para pagos online, la entidad bancaria debe facilitar la informaci\u00f3n y las claves necesarias.<\/li>\n<li>Disponemos de la plataforma PAYPAL; que funciona correctamente y brinda una opci\u00f3n amigable al usuario para su uso en nuestra plataforma.<\/li>\n<\/ol>\n<p style=\"text-align: justify;\"><strong>Legislaci\u00f3n aplicable:<\/strong><br \/>La legislaci\u00f3n aplicable para los conflictos de interpretaci\u00f3n y ejecuci\u00f3n derivados de la presente compra-venta, ser\u00e1 de aplicaci\u00f3n la legislaci\u00f3n espa\u00f1ola vigente; en relaci\u00f3n a productos y\/o servicios digitales.<\/p>\n<p style=\"text-align: justify;\"><strong>Disponibilidad<\/strong><br \/>Por ser productos de SALUD M\u00c9TODO AVANZADO, no puede garantizar en todo momento que se cuente DISPONIBLE con todos los productos Y\/O servicios digitales mostrados en la p\u00e1gina, reserv\u00e1ndose el derecho a no poner a disposici\u00f3n de los clientes cualquier producto o servicios que al ser revisado se compruebe que no cumple con los est\u00e1ndares de supervisi\u00f3n digital o calidad deseados.<br \/>En el caso que se pudiera dar esa desafortunada incidencia de SALUD M\u00c9TODO AVANZADO, velando en todo caso por los derechos y satisfacci\u00f3n del cliente se compromete a informar de tal situaci\u00f3n y llegar a un acuerdo satisfactorio con \u00e9ste (PREVIO MUTUO ACUERDO). SI LA INCIDENCIA ES POR CAUSA DE NUESTRA PLATAFORMA, DIRECTA O INDIRECTA LA RESPONSABILIDAD DEL PEDIDO SE HACE CARGO SALUD M\u00c9TODO AVANZADO.<\/p>\n<p style=\"text-align: justify;\"><strong>Atenci\u00f3n al Usuario<\/strong><br \/>El Usuario dispondr\u00e1 de un servicio de Atenci\u00f3n al Usuario, para ello podr\u00e1 utilizar el formulario de contacto o mandar email a<span>\u00a0<\/span><a href=\"mailto:infometodoavanzado@gmail.com\">infometodoavanzado@gmail.com<\/a><span>\u00a0<\/span>y se recibir\u00e1 contestaci\u00f3n a la mayor brevedad posible o tiene la opci\u00f3n de llamar al tel\u00e9fono 916955473 o mediante correo a:<span>\u00a0<\/span><a href=\"mailto:infometodoavanzado@gmail.com\">infometodoavanzado@gmail.com<\/a><\/p>\n<p>[\/et_pb_text][\/et_pb_column][\/et_pb_row][\/et_pb_section]<\/p>\n","protected":false},"excerpt":{"rendered":"<p>Condiciones de CompraSALUD M\u00c9TODO AVANZADO, Nuestra escuela ofrece el servicio de compra on-line, lo que supone un servicio 24h, c\u00f3modo, directo y con todas las ventajas de disponer de una amplia gama de servicios (representados por productos virtuales) y disponibles desde cualquier lugar a trav\u00e9s de una conexi\u00f3n a Internet. La formalizaci\u00f3n de cualquier relaci\u00f3n [&hellip;]<\/p>\n","protected":false},"author":1,"featured_media":0,"parent":0,"menu_order":0,"comment_status":"closed","ping_status":"closed","template":"","meta":{"_et_pb_use_builder":"on","_et_pb_old_content":"<!-- wp:divi\/placeholder \/-->","_et_gb_content_width":"","_joinchat":[],"footnotes":""},"class_list":["post-87","page","type-page","status-publish","hentry"],"_links":{"self":[{"href":"https:\/\/saludmetodoavanzado.com\/index.php\/wp-json\/wp\/v2\/pages\/87","targetHints":{"allow":["GET"]}}],"collection":[{"href":"https:\/\/saludmetodoavanzado.com\/index.php\/wp-json\/wp\/v2\/pages"}],"about":[{"href":"https:\/\/saludmetodoavanzado.com\/index.php\/wp-json\/wp\/v2\/types\/page"}],"author":[{"embeddable":true,"href":"https:\/\/saludmetodoavanzado.com\/index.php\/wp-json\/wp\/v2\/users\/1"}],"replies":[{"embeddable":true,"href":"https:\/\/saludmetodoavanzado.com\/index.php\/wp-json\/wp\/v2\/comments?post=87"}],"version-history":[{"count":4,"href":"https:\/\/saludmetodoavanzado.com\/index.php\/wp-json\/wp\/v2\/pages\/87\/revisions"}],"predecessor-version":[{"id":1209,"href":"https:\/\/saludmetodoavanzado.com\/index.php\/wp-json\/wp\/v2\/pages\/87\/revisions\/1209"}],"wp:attachment":[{"href":"https:\/\/saludmetodoavanzado.com\/index.php\/wp-json\/wp\/v2\/media?parent=87"}],"curies":[{"name":"wp","href":"https:\/\/api.w.org\/{rel}","templated":true}]}}