{"id":339,"date":"2023-07-25T02:44:31","date_gmt":"2023-07-25T02:44:31","guid":{"rendered":"https:\/\/saludmetodoavanzado.com\/?page_id=339"},"modified":"2023-07-25T02:53:43","modified_gmt":"2023-07-25T02:53:43","slug":"ser-padres","status":"publish","type":"page","link":"https:\/\/saludmetodoavanzado.com\/index.php\/ser-padres\/","title":{"rendered":"Ser Padres"},"content":{"rendered":"<p>[et_pb_section fb_built=\u00bb1&#8243; admin_label=\u00bbHeader\u00bb _builder_version=\u00bb4.21.0&#8243; _module_preset=\u00bbdefault\u00bb background_color=\u00bb#e80000&#8243; collapsed=\u00bbon\u00bb global_colors_info=\u00bb{}\u00bb theme_builder_area=\u00bbpost_content\u00bb][et_pb_row _builder_version=\u00bb4.19.5&#8243; _module_preset=\u00bbdefault\u00bb max_width=\u00bb700px\u00bb global_colors_info=\u00bb{}\u00bb theme_builder_area=\u00bbpost_content\u00bb][et_pb_column type=\u00bb4_4&#8243; _builder_version=\u00bb4.19.5&#8243; _module_preset=\u00bbdefault\u00bb global_colors_info=\u00bb{}\u00bb theme_builder_area=\u00bbpost_content\u00bb][et_pb_text _builder_version=\u00bb4.21.0&#8243; _module_preset=\u00bb012adf3c-fe29-419a-b8e5-012d9b3ae9ce\u00bb header_text_color=\u00bb#FFFFFF\u00bb text_orientation=\u00bbcenter\u00bb custom_margin=\u00bb||10px||false|false\u00bb hover_enabled=\u00bb0&#8243; global_colors_info=\u00bb{}\u00bb theme_builder_area=\u00bbpost_content\u00bb sticky_enabled=\u00bb0&#8243;]<\/p>\n<h1>Ser Padres<\/h1>\n<p>[\/et_pb_text][\/et_pb_column][\/et_pb_row][\/et_pb_section][et_pb_section fb_built=\u00bb1&#8243; admin_label=\u00bbAbout\u00bb _builder_version=\u00bb4.19.5&#8243; _module_preset=\u00bbdefault\u00bb background_color=\u00bbgcid-9464c34f-f9ff-43eb-9668-c958662e33fc\u00bb locked=\u00bboff\u00bb collapsed=\u00bbon\u00bb global_colors_info=\u00bb{%22gcid-9464c34f-f9ff-43eb-9668-c958662e33fc%22:%91%22background_color%22%93}\u00bb theme_builder_area=\u00bbpost_content\u00bb][et_pb_row column_structure=\u00bb1_2,1_2&#8243; make_equal=\u00bbon\u00bb _builder_version=\u00bb4.19.5&#8243; _module_preset=\u00bbdefault\u00bb custom_margin=\u00bb|auto|1px|auto||\u00bb custom_padding=\u00bb||0px|||\u00bb global_colors_info=\u00bb{}\u00bb theme_builder_area=\u00bbpost_content\u00bb][et_pb_column type=\u00bb1_2&#8243; _builder_version=\u00bb4.19.5&#8243; _module_preset=\u00bbdefault\u00bb global_colors_info=\u00bb{}\u00bb theme_builder_area=\u00bbpost_content\u00bb][et_pb_image src=\u00bbhttps:\/\/saludmetodoavanzado.com\/wp-content\/uploads\/2023\/07\/health-clinic-1.png\u00bb title_text=\u00bbhealth-clinic-1&#8243; _builder_version=\u00bb4.19.5&#8243; _module_preset=\u00bbdefault\u00bb max_height=\u00bb12px\u00bb locked=\u00bboff\u00bb global_colors_info=\u00bb{}\u00bb theme_builder_area=\u00bbpost_content\u00bb][\/et_pb_image][et_pb_text _builder_version=\u00bb4.21.0&#8243; _module_preset=\u00bbeb1abcd3-8bd5-4b06-b1ab-d1a9f3e0574a\u00bb header_3_font_size=\u00bb37px\u00bb header_3_line_height=\u00bb1.2em\u00bb custom_margin=\u00bb||10px||false|false\u00bb hover_enabled=\u00bb0&#8243; global_colors_info=\u00bb{}\u00bb theme_builder_area=\u00bbpost_content\u00bb sticky_enabled=\u00bb0&#8243;]<\/p>\n<h3>Ser Padres<\/h3>\n<p>[\/et_pb_text][et_pb_text _builder_version=\u00bb4.21.0&#8243; _module_preset=\u00bbe3721a3e-bb63-47a9-b818-9a5684dacbc0&#8243; hover_enabled=\u00bb0&#8243; global_colors_info=\u00bb{}\u00bb theme_builder_area=\u00bbpost_content\u00bb sticky_enabled=\u00bb0&#8243;]<\/p>\n<p style=\"text-align: justify;\">A lo largo de esta complicada tarea de ser padres y educar, podemos observar en nuestros hijos comportamientos o s\u00edntomas que no entendemos y que son indicativos de que nuestro hijo\/a sufre.<\/p>\n<p><strong>Algunos de los m\u00e1s comunes son:<\/strong><\/p>\n<ul>\n<li style=\"text-align: justify;\"><span>Esta irritable, enfados frecuentes, rabietas, llanto<\/span><\/li>\n<li style=\"text-align: justify;\"><span>Cambios de humor frecuentes.<\/span><\/li>\n<li style=\"text-align: justify;\"><span>Miedos o ansiedad y tensi\u00f3n.<\/span><\/li>\n<li style=\"text-align: justify;\"><span>No es capaz de mantenerse realizando una tarea, est\u00e1 inquieto, no se centra en nada y no se concentra.<\/span><\/li>\n<li style=\"text-align: justify;\"><span>Evita algunas situaciones (escuela, amigos, etc).<\/span><\/li>\n<li style=\"text-align: justify;\"><span>No quiere relacionarse o se aisla excesivamente<\/span><\/li>\n<li style=\"text-align: justify;\"><span>Se culpa con frecuencia a s\u00ed mismo.<\/span><\/li>\n<li style=\"text-align: justify;\"><span>Est\u00e1 triste.<\/span><\/li>\n<li style=\"text-align: justify;\"><span>No duerme bien, cambios en sus h\u00e1bitos alimentarios, cambios en la evacuaci\u00f3n.<\/span><\/li>\n<li style=\"text-align: justify;\"><span>Se queja con frecuencia de dolores o molestias sin estar enfermo.<\/span><\/li>\n<\/ul>\n<p>[\/et_pb_text][\/et_pb_column][et_pb_column type=\u00bb1_2&#8243; _builder_version=\u00bb4.19.5&#8243; _module_preset=\u00bbdefault\u00bb global_colors_info=\u00bb{}\u00bb theme_builder_area=\u00bbpost_content\u00bb][et_pb_image src=\u00bbhttps:\/\/saludmetodoavanzado.com\/wp-content\/uploads\/2023\/07\/ser-padres.jpg\u00bb title_text=\u00bbser padres\u00bb _builder_version=\u00bb4.21.0&#8243; _module_preset=\u00bbdefault\u00bb hover_enabled=\u00bb0&#8243; border_radii=\u00bbon|10px|10px|10px|10px\u00bb global_colors_info=\u00bb{}\u00bb theme_builder_area=\u00bbpost_content\u00bb sticky_enabled=\u00bb0&#8243;][\/et_pb_image][et_pb_image src=\u00bbhttps:\/\/saludmetodoavanzado.com\/wp-content\/uploads\/2023\/07\/health-clinic-2.png\u00bb title_text=\u00bbhealth-clinic-2&#8243; _builder_version=\u00bb4.19.5&#8243; _module_preset=\u00bbdefault\u00bb positioning=\u00bbabsolute\u00bb position_origin_a=\u00bbtop_right\u00bb vertical_offset=\u00bb-8%\u00bb horizontal_offset=\u00bb-8%\u00bb width=\u00bb30%\u00bb global_colors_info=\u00bb{}\u00bb theme_builder_area=\u00bbpost_content\u00bb][\/et_pb_image][\/et_pb_column][\/et_pb_row][et_pb_row _builder_version=\u00bb4.21.0&#8243; _module_preset=\u00bbdefault\u00bb custom_padding=\u00bb4px|||||\u00bb global_colors_info=\u00bb{}\u00bb theme_builder_area=\u00bbpost_content\u00bb][et_pb_column type=\u00bb4_4&#8243; _builder_version=\u00bb4.21.0&#8243; _module_preset=\u00bbdefault\u00bb global_colors_info=\u00bb{}\u00bb theme_builder_area=\u00bbpost_content\u00bb][et_pb_text _builder_version=\u00bb4.21.0&#8243; _module_preset=\u00bbdefault\u00bb text_font_size=\u00bb16px\u00bb hover_enabled=\u00bb0&#8243; global_colors_info=\u00bb{}\u00bb theme_builder_area=\u00bbpost_content\u00bb sticky_enabled=\u00bb0&#8243;]<\/p>\n<p align=\"left\" style=\"text-align: justify;\"><span>En ocasiones estos cambios que observamos, son temporales y remiten al cabo de un breve espacio de tiempo, ya que se trata simplemente de ajustes en su proceso de crecimiento y adaptaci\u00f3n, lo mejor ser\u00e1 esperar, observar y apoyarle durante ese tiempo.<\/span><\/p>\n<p align=\"left\" style=\"text-align: justify;\"><span>No obstante, cuando observamos que los s\u00edntomas se prolongan en el tiempo, nos est\u00e1n indicando que nuestro hijo no posee las herramientas necesarias para afrontar y resolver sus dificultades. En estos casos, es importante buscar ayuda cu\u00e1nto antes para poder resolverlo y poder proporcionar al ni\u00f1o las herramientas adecuadas para su bienestar actual y futuro.<\/span><\/p>\n<p>[\/et_pb_text][\/et_pb_column][\/et_pb_row][et_pb_row column_structure=\u00bb1_2,1_2&#8243; make_equal=\u00bbon\u00bb _builder_version=\u00bb4.19.5&#8243; _module_preset=\u00bbdefault\u00bb global_colors_info=\u00bb{}\u00bb locked=\u00bboff\u00bb theme_builder_area=\u00bbpost_content\u00bb][et_pb_column type=\u00bb1_2&#8243; _builder_version=\u00bb4.19.5&#8243; _module_preset=\u00bbdefault\u00bb global_colors_info=\u00bb{}\u00bb theme_builder_area=\u00bbpost_content\u00bb][et_pb_image src=\u00bbhttps:\/\/saludmetodoavanzado.com\/wp-content\/uploads\/2023\/07\/health-clinic-2.png\u00bb title_text=\u00bbhealth-clinic-2&#8243; admin_label=\u00bbImage\u00bb _builder_version=\u00bb4.19.5&#8243; _module_preset=\u00bbdefault\u00bb positioning=\u00bbabsolute\u00bb position_origin_a=\u00bbbottom_left\u00bb vertical_offset=\u00bb-36%\u00bb horizontal_offset=\u00bb-8%\u00bb width=\u00bb30%\u00bb scroll_vertical_motion_enable=\u00bbon\u00bb scroll_vertical_motion=\u00bb0|50|50|100|1|0|-1&#8243; locked=\u00bboff\u00bb global_colors_info=\u00bb{}\u00bb theme_builder_area=\u00bbpost_content\u00bb][\/et_pb_image][et_pb_image src=\u00bbhttps:\/\/saludmetodoavanzado.com\/wp-content\/uploads\/2023\/07\/health-clinic-24.jpg\u00bb title_text=\u00bbhealth-clinic-24&#8243; _builder_version=\u00bb4.19.5&#8243; _module_preset=\u00bbdefault\u00bb border_radii=\u00bbon|10px|10px|10px|10px\u00bb global_colors_info=\u00bb{}\u00bb theme_builder_area=\u00bbpost_content\u00bb][\/et_pb_image][\/et_pb_column][et_pb_column type=\u00bb1_2&#8243; _builder_version=\u00bb4.19.5&#8243; _module_preset=\u00bbdefault\u00bb global_colors_info=\u00bb{}\u00bb theme_builder_area=\u00bbpost_content\u00bb][et_pb_text _builder_version=\u00bb4.21.0&#8243; _module_preset=\u00bbe3721a3e-bb63-47a9-b818-9a5684dacbc0&#8243; hover_enabled=\u00bb0&#8243; locked=\u00bboff\u00bb global_colors_info=\u00bb{}\u00bb theme_builder_area=\u00bbpost_content\u00bb sticky_enabled=\u00bb0&#8243;]<\/p>\n<h3 style=\"text-align: left;\"><strong>Tenemos 25 a\u00f1os de experiencia<\/strong><\/h3>\n<p>[\/et_pb_text][et_pb_text _builder_version=\u00bb4.21.0&#8243; _module_preset=\u00bbe3721a3e-bb63-47a9-b818-9a5684dacbc0&#8243; hover_enabled=\u00bb0&#8243; locked=\u00bboff\u00bb global_colors_info=\u00bb{}\u00bb theme_builder_area=\u00bbpost_content\u00bb sticky_enabled=\u00bb0&#8243;]<\/p>\n<p style=\"text-align: justify;\"><span>El equipo de psic\u00f3logos infantiles Salud M\u00e9todo Avanzado cuenta con un Departamento especializado en psicolog\u00eda en la infancia y la adolescencia.<\/span><br \/><span>El trabajo que realizan nuestros psic\u00f3logos infantiles de Salud M\u00e9todo Avanzado es de orientaci\u00f3n cognitivo conductual, en el que analizamos detalladamente cada caso para adaptar la intervenci\u00f3n a las necesidades concretas de cada ni\u00f1o y a sus dificultades.<\/span><\/p>\n<p>[\/et_pb_text][\/et_pb_column][\/et_pb_row][et_pb_row _builder_version=\u00bb4.21.0&#8243; _module_preset=\u00bbdefault\u00bb custom_padding=\u00bb4px|||||\u00bb global_colors_info=\u00bb{}\u00bb theme_builder_area=\u00bbpost_content\u00bb locked=\u00bboff\u00bb][et_pb_column type=\u00bb4_4&#8243; _builder_version=\u00bb4.21.0&#8243; _module_preset=\u00bbdefault\u00bb global_colors_info=\u00bb{}\u00bb theme_builder_area=\u00bbpost_content\u00bb][et_pb_text _builder_version=\u00bb4.21.0&#8243; _module_preset=\u00bbdefault\u00bb text_font_size=\u00bb16px\u00bb hover_enabled=\u00bb0&#8243; global_colors_info=\u00bb{}\u00bb theme_builder_area=\u00bbpost_content\u00bb sticky_enabled=\u00bb0&#8243;]<\/p>\n<p align=\"left\" style=\"text-align: justify;\"><span>El psic\u00f3logo infantil, realiza un tratamiento integral que contempla los problemas familiares, escolares, sociales y personales.<\/span><br \/><span>La intervenci\u00f3n se lleva a cabo con el menor y tambi\u00e9n con los padres, a quienes proporcionamos las pautas necesarias para manejar adecuadamente las conductas y dificultades que experimenta su hijo. Educar es dif\u00edcil y nadie nos ense\u00f1a como padres esta labor, ni tenemos un libro de instrucciones para llevar a cabo esta importante tarea.<\/span><\/p>\n<p align=\"left\" style=\"text-align: justify;\"><span>Nuestro equipo de psic\u00f3logos infantiles trabaja con los padres instruy\u00e9ndoles adecuadamente sobre el mejor modo de educar y afrontar cada aspecto que requiere intervenci\u00f3n. A lo largo de la terapia se realiza un seguimiento de los progresos o dificultades que puedan surgir.<br \/>En los casos en que es conveniente, nos ponemos en contacto con los profesores con el objetivo de obtener informaci\u00f3n sobre el ni\u00f1o y de proporcionar unas pautas de actuaci\u00f3n comunes y acordes con los objetivos que queremos lograr y a obtener implicaci\u00f3n y colaboraci\u00f3n en el \u00e1rea escolar.<br \/>De ese modo, en el proceso de intervenci\u00f3n el abordaje es integral, trabajando con padres, profesores y con el ni\u00f1o para asegurarnos los mejores resultados.<\/span><\/p>\n<p>[\/et_pb_text][et_pb_text _builder_version=\u00bb4.21.0&#8243; _module_preset=\u00bbeb1abcd3-8bd5-4b06-b1ab-d1a9f3e0574a\u00bb header_3_line_height=\u00bb1.2em\u00bb custom_margin=\u00bb||10px||false|false\u00bb hover_enabled=\u00bb0&#8243; locked=\u00bboff\u00bb global_colors_info=\u00bb{}\u00bb theme_builder_area=\u00bbpost_content\u00bb sticky_enabled=\u00bb0&#8243;]<\/p>\n<h3 style=\"text-align: center;\"><strong>Alcorc\u00f3n, Fuenlabrada, Getafe, Leganes, Parla.<\/strong><\/h3>\n<p>[\/et_pb_text][et_pb_text _builder_version=\u00bb4.21.0&#8243; _module_preset=\u00bbdefault\u00bb text_font_size=\u00bb18px\u00bb global_colors_info=\u00bb{}\u00bb locked=\u00bboff\u00bb theme_builder_area=\u00bbpost_content\u00bb]<\/p>\n<p style=\"text-align: center;\"><em><strong>\u00a1Nosotros s\u00ed te vamos a ayudar!<\/strong><\/em><\/p>\n<p>[\/et_pb_text][\/et_pb_column][\/et_pb_row][\/et_pb_section][et_pb_section fb_built=\u00bb1&#8243; admin_label=\u00bbCall to Action\u00bb _builder_version=\u00bb4.21.0&#8243; _module_preset=\u00bbdefault\u00bb background_color=\u00bbRGBA(224,43,32,0.84)\u00bb background_image=\u00bbhttps:\/\/saludmetodoavanzado.com\/wp-content\/uploads\/2023\/07\/health-clinic-24.jpg\u00bb background_blend=\u00bboverlay\u00bb custom_padding=\u00bb10vw||10vw||true|false\u00bb saved_tabs=\u00bball\u00bb locked=\u00bboff\u00bb collapsed=\u00bbon\u00bb global_colors_info=\u00bb{}\u00bb theme_builder_area=\u00bbpost_content\u00bb][et_pb_row _builder_version=\u00bb4.19.5&#8243; _module_preset=\u00bbdefault\u00bb max_width=\u00bb800px\u00bb global_colors_info=\u00bb{}\u00bb theme_builder_area=\u00bbpost_content\u00bb][et_pb_column type=\u00bb4_4&#8243; _builder_version=\u00bb4.19.5&#8243; _module_preset=\u00bbdefault\u00bb global_colors_info=\u00bb{}\u00bb theme_builder_area=\u00bbpost_content\u00bb][et_pb_icon font_icon=\u00bb&#xf21e;||fa||900&#8243; icon_color=\u00bb#FFFFFF\u00bb icon_width=\u00bb24px\u00bb _builder_version=\u00bb4.21.0&#8243; _module_preset=\u00bbdefault\u00bb global_colors_info=\u00bb{}\u00bb theme_builder_area=\u00bbpost_content\u00bb][\/et_pb_icon][et_pb_divider color=\u00bb#FFFFFF\u00bb _builder_version=\u00bb4.21.0&#8243; _module_preset=\u00bbdefault\u00bb max_width=\u00bb165px\u00bb module_alignment=\u00bbcenter\u00bb global_colors_info=\u00bb{}\u00bb theme_builder_area=\u00bbpost_content\u00bb][\/et_pb_divider][et_pb_text _builder_version=\u00bb4.21.0&#8243; _module_preset=\u00bbfbbb8d30-a996-4018-8358-6933d758e3e7&#8243; header_2_text_color=\u00bb#FFFFFF\u00bb text_orientation=\u00bbcenter\u00bb global_colors_info=\u00bb{}\u00bb theme_builder_area=\u00bbpost_content\u00bb]<\/p>\n<h2>Somos Salud M\u00e9todo Avanzado<\/h2>\n<p>[\/et_pb_text][et_pb_button button_url=\u00bbtel:\/+34916955473&#8243; button_text=\u00bbLlama al 916955473&#8243; button_alignment=\u00bbcenter\u00bb _builder_version=\u00bb4.21.0&#8243; _module_preset=\u00bbdefault\u00bb custom_button=\u00bbon\u00bb button_text_size=\u00bb16px\u00bb button_text_color=\u00bb#FFFFFF\u00bb button_bg_color=\u00bb#000000&#8243; button_border_color=\u00bb#000000&#8243; button_font=\u00bb|600|||||||\u00bb button_icon=\u00bb&#x49;||divi||400&#8243; locked=\u00bboff\u00bb global_colors_info=\u00bb{}\u00bb theme_builder_area=\u00bbpost_content\u00bb][\/et_pb_button][\/et_pb_column][\/et_pb_row][\/et_pb_section]<\/p>\n","protected":false},"excerpt":{"rendered":"<p>Ser PadresSer PadresA lo largo de esta complicada tarea de ser padres y educar, podemos observar en nuestros hijos comportamientos o s\u00edntomas que no entendemos y que son indicativos de que nuestro hijo\/a sufre. Algunos de los m\u00e1s comunes son: Esta irritable, enfados frecuentes, rabietas, llanto Cambios de humor frecuentes. Miedos o ansiedad y tensi\u00f3n. [&hellip;]<\/p>\n","protected":false},"author":1,"featured_media":0,"parent":0,"menu_order":0,"comment_status":"closed","ping_status":"closed","template":"","meta":{"_et_pb_use_builder":"on","_et_pb_old_content":"<!-- wp:divi\/placeholder \/-->","_et_gb_content_width":"","_joinchat":[],"footnotes":""},"class_list":["post-339","page","type-page","status-publish","hentry"],"_links":{"self":[{"href":"https:\/\/saludmetodoavanzado.com\/index.php\/wp-json\/wp\/v2\/pages\/339","targetHints":{"allow":["GET"]}}],"collection":[{"href":"https:\/\/saludmetodoavanzado.com\/index.php\/wp-json\/wp\/v2\/pages"}],"about":[{"href":"https:\/\/saludmetodoavanzado.com\/index.php\/wp-json\/wp\/v2\/types\/page"}],"author":[{"embeddable":true,"href":"https:\/\/saludmetodoavanzado.com\/index.php\/wp-json\/wp\/v2\/users\/1"}],"replies":[{"embeddable":true,"href":"https:\/\/saludmetodoavanzado.com\/index.php\/wp-json\/wp\/v2\/comments?post=339"}],"version-history":[{"count":3,"href":"https:\/\/saludmetodoavanzado.com\/index.php\/wp-json\/wp\/v2\/pages\/339\/revisions"}],"predecessor-version":[{"id":344,"href":"https:\/\/saludmetodoavanzado.com\/index.php\/wp-json\/wp\/v2\/pages\/339\/revisions\/344"}],"wp:attachment":[{"href":"https:\/\/saludmetodoavanzado.com\/index.php\/wp-json\/wp\/v2\/media?parent=339"}],"curies":[{"name":"wp","href":"https:\/\/api.w.org\/{rel}","templated":true}]}}