{"id":310,"date":"2023-07-25T01:36:12","date_gmt":"2023-07-25T01:36:12","guid":{"rendered":"https:\/\/saludmetodoavanzado.com\/?page_id=310"},"modified":"2023-07-25T02:00:20","modified_gmt":"2023-07-25T02:00:20","slug":"refuerzo-escolar","status":"publish","type":"page","link":"https:\/\/saludmetodoavanzado.com\/index.php\/refuerzo-escolar\/","title":{"rendered":"Refuerzo Escolar"},"content":{"rendered":"<p>[et_pb_section fb_built=\u00bb1&#8243; admin_label=\u00bbHeader\u00bb _builder_version=\u00bb4.21.0&#8243; _module_preset=\u00bbdefault\u00bb background_color=\u00bb#e80000&#8243; collapsed=\u00bbon\u00bb global_colors_info=\u00bb{}\u00bb theme_builder_area=\u00bbpost_content\u00bb][et_pb_row _builder_version=\u00bb4.19.5&#8243; _module_preset=\u00bbdefault\u00bb max_width=\u00bb700px\u00bb global_colors_info=\u00bb{}\u00bb theme_builder_area=\u00bbpost_content\u00bb][et_pb_column type=\u00bb4_4&#8243; _builder_version=\u00bb4.19.5&#8243; _module_preset=\u00bbdefault\u00bb global_colors_info=\u00bb{}\u00bb theme_builder_area=\u00bbpost_content\u00bb][et_pb_text _builder_version=\u00bb4.21.0&#8243; _module_preset=\u00bb012adf3c-fe29-419a-b8e5-012d9b3ae9ce\u00bb header_text_color=\u00bb#FFFFFF\u00bb text_orientation=\u00bbcenter\u00bb custom_margin=\u00bb||10px||false|false\u00bb hover_enabled=\u00bb0&#8243; global_colors_info=\u00bb{}\u00bb theme_builder_area=\u00bbpost_content\u00bb sticky_enabled=\u00bb0&#8243;]<\/p>\n<h1>Refuerzo Escolar<\/h1>\n<p>[\/et_pb_text][\/et_pb_column][\/et_pb_row][\/et_pb_section][et_pb_section fb_built=\u00bb1&#8243; admin_label=\u00bbAbout\u00bb _builder_version=\u00bb4.19.5&#8243; _module_preset=\u00bbdefault\u00bb background_color=\u00bbgcid-9464c34f-f9ff-43eb-9668-c958662e33fc\u00bb locked=\u00bboff\u00bb collapsed=\u00bbon\u00bb global_colors_info=\u00bb{%22gcid-9464c34f-f9ff-43eb-9668-c958662e33fc%22:%91%22background_color%22%93}\u00bb theme_builder_area=\u00bbpost_content\u00bb][et_pb_row column_structure=\u00bb1_2,1_2&#8243; make_equal=\u00bbon\u00bb _builder_version=\u00bb4.19.5&#8243; _module_preset=\u00bbdefault\u00bb custom_padding=\u00bb||0px|||\u00bb global_colors_info=\u00bb{}\u00bb theme_builder_area=\u00bbpost_content\u00bb][et_pb_column type=\u00bb1_2&#8243; _builder_version=\u00bb4.19.5&#8243; _module_preset=\u00bbdefault\u00bb global_colors_info=\u00bb{}\u00bb theme_builder_area=\u00bbpost_content\u00bb][et_pb_image src=\u00bbhttps:\/\/saludmetodoavanzado.com\/wp-content\/uploads\/2023\/07\/health-clinic-1.png\u00bb title_text=\u00bbhealth-clinic-1&#8243; _builder_version=\u00bb4.19.5&#8243; _module_preset=\u00bbdefault\u00bb max_height=\u00bb12px\u00bb locked=\u00bboff\u00bb global_colors_info=\u00bb{}\u00bb theme_builder_area=\u00bbpost_content\u00bb][\/et_pb_image][et_pb_text _builder_version=\u00bb4.21.0&#8243; _module_preset=\u00bbeb1abcd3-8bd5-4b06-b1ab-d1a9f3e0574a\u00bb header_3_font_size=\u00bb37px\u00bb header_3_line_height=\u00bb1.2em\u00bb custom_margin=\u00bb||10px||false|false\u00bb hover_enabled=\u00bb0&#8243; global_colors_info=\u00bb{}\u00bb theme_builder_area=\u00bbpost_content\u00bb sticky_enabled=\u00bb0&#8243;]<\/p>\n<h3>Apoyo Escolar<\/h3>\n<p>[\/et_pb_text][et_pb_text _builder_version=\u00bb4.21.0&#8243; _module_preset=\u00bbe3721a3e-bb63-47a9-b818-9a5684dacbc0&#8243; custom_margin=\u00bb20px|20px|20px|20px|true|true\u00bb custom_padding=\u00bb20px|15px|20px|15px|true|true\u00bb hover_enabled=\u00bb0&#8243; border_width_all=\u00bb2px\u00bb border_color_all=\u00bb#FF0400&#8243; locked=\u00bboff\u00bb global_colors_info=\u00bb{}\u00bb theme_builder_area=\u00bbpost_content\u00bb sticky_enabled=\u00bb0&#8243;]<\/p>\n<p style=\"text-align: center;\"><strong>CON NOSOTROS VAS A APROBAR. LLAMANOS!<\/strong><br \/><strong>\u00a1TODAV\u00cdA EST\u00c1S A TIEMPO, NO LO DEJES PARA M\u00c1S TARDE!<\/strong><br \/><strong>\u00a1AP\u00daNTATE!. VAS A APROBAR. PROFESORES Y PSIC\u00d3LOGOS. SEGUIMOS TU EVOLUCI\u00d3N. PARA QUE NO HAYA UN FRACASO ESCOLAR.<\/strong><\/p>\n<p>[\/et_pb_text][et_pb_text _builder_version=\u00bb4.21.0&#8243; _module_preset=\u00bbe3721a3e-bb63-47a9-b818-9a5684dacbc0&#8243; hover_enabled=\u00bb0&#8243; global_colors_info=\u00bb{}\u00bb theme_builder_area=\u00bbpost_content\u00bb sticky_enabled=\u00bb0&#8243;]<\/p>\n<p style=\"text-align: justify;\">En SALUD M\u00c9TODO AVANZADO, llevamos m\u00e1s de 25 a\u00f1os formando alumnos, ayud\u00e1ndolos a superar todos sus problemas en el estudio y d\u00e1ndoles seguridad, en s\u00ed mismos para prevenir el fracaso escolar.<\/p>\n<p style=\"text-align: justify;\">Con nuestro departamento de Psicolog\u00eda.<\/p>\n<p style=\"text-align: justify;\">Nuestra metodolog\u00eda consiste en trabajar con grupos reducidos de alumnos, m\u00e1ximo 8 por clase, para ayudarlos de forma individual, resolviendo las dudas que tengan y reforzando sus conocimientos. Todo esto gracias a los profesores titulados y con gran experiencia docente.<\/p>\n<p>[\/et_pb_text][\/et_pb_column][et_pb_column type=\u00bb1_2&#8243; _builder_version=\u00bb4.19.5&#8243; _module_preset=\u00bbdefault\u00bb global_colors_info=\u00bb{}\u00bb theme_builder_area=\u00bbpost_content\u00bb][et_pb_image src=\u00bbhttps:\/\/saludmetodoavanzado.com\/wp-content\/uploads\/2023\/07\/Refuerzo-escolar-1.jpg\u00bb title_text=\u00bbRefuerzo escolar 1&#8243; _builder_version=\u00bb4.21.0&#8243; _module_preset=\u00bbdefault\u00bb hover_enabled=\u00bb0&#8243; border_radii=\u00bbon|10px|10px|10px|10px\u00bb global_colors_info=\u00bb{}\u00bb theme_builder_area=\u00bbpost_content\u00bb sticky_enabled=\u00bb0&#8243;][\/et_pb_image][et_pb_image src=\u00bbhttps:\/\/saludmetodoavanzado.com\/wp-content\/uploads\/2023\/07\/health-clinic-2.png\u00bb title_text=\u00bbhealth-clinic-2&#8243; _builder_version=\u00bb4.19.5&#8243; _module_preset=\u00bbdefault\u00bb positioning=\u00bbabsolute\u00bb position_origin_a=\u00bbtop_right\u00bb vertical_offset=\u00bb-8%\u00bb horizontal_offset=\u00bb-8%\u00bb width=\u00bb30%\u00bb global_colors_info=\u00bb{}\u00bb theme_builder_area=\u00bbpost_content\u00bb][\/et_pb_image][\/et_pb_column][\/et_pb_row][et_pb_row _builder_version=\u00bb4.21.0&#8243; _module_preset=\u00bbdefault\u00bb custom_padding=\u00bb4px|||||\u00bb global_colors_info=\u00bb{}\u00bb theme_builder_area=\u00bbpost_content\u00bb][et_pb_column type=\u00bb4_4&#8243; _builder_version=\u00bb4.21.0&#8243; _module_preset=\u00bbdefault\u00bb global_colors_info=\u00bb{}\u00bb theme_builder_area=\u00bbpost_content\u00bb][et_pb_text _builder_version=\u00bb4.21.0&#8243; _module_preset=\u00bbdefault\u00bb text_font_size=\u00bb16px\u00bb hover_enabled=\u00bb0&#8243; global_colors_info=\u00bb{}\u00bb theme_builder_area=\u00bbpost_content\u00bb sticky_enabled=\u00bb0&#8243;]<\/p>\n<p align=\"left\" style=\"text-align: justify;\">El objetivo de nuestras recuperaciones escolares es ayudar a que el estudiante supere cada asignatura, d\u00e1ndole la base necesaria para que pueda entender y aprender.<\/p>\n<p align=\"left\" style=\"text-align: justify;\">Estamos tambi\u00e9n los meses de Julio y Agosto para poder ayudar a recuperar esas asignaturas que no han podido aprobarlas durante el curso, o quieran ir mejor preparados en el pr\u00f3ximo curso.<\/p>\n<p>[\/et_pb_text][\/et_pb_column][\/et_pb_row][\/et_pb_section][et_pb_section fb_built=\u00bb1&#8243; admin_label=\u00bbCall to Action\u00bb _builder_version=\u00bb4.21.0&#8243; _module_preset=\u00bbdefault\u00bb background_color=\u00bbRGBA(224,43,32,0.84)\u00bb background_image=\u00bbhttps:\/\/saludmetodoavanzado.com\/wp-content\/uploads\/2023\/07\/health-clinic-24.jpg\u00bb background_blend=\u00bboverlay\u00bb custom_padding=\u00bb10vw||10vw||true|false\u00bb saved_tabs=\u00bball\u00bb locked=\u00bboff\u00bb collapsed=\u00bbon\u00bb global_colors_info=\u00bb{}\u00bb theme_builder_area=\u00bbpost_content\u00bb][et_pb_row _builder_version=\u00bb4.19.5&#8243; _module_preset=\u00bbdefault\u00bb max_width=\u00bb800px\u00bb global_colors_info=\u00bb{}\u00bb theme_builder_area=\u00bbpost_content\u00bb][et_pb_column type=\u00bb4_4&#8243; _builder_version=\u00bb4.19.5&#8243; _module_preset=\u00bbdefault\u00bb global_colors_info=\u00bb{}\u00bb theme_builder_area=\u00bbpost_content\u00bb][et_pb_icon font_icon=\u00bb&#xf21e;||fa||900&#8243; icon_color=\u00bb#FFFFFF\u00bb icon_width=\u00bb24px\u00bb _builder_version=\u00bb4.21.0&#8243; _module_preset=\u00bbdefault\u00bb global_colors_info=\u00bb{}\u00bb theme_builder_area=\u00bbpost_content\u00bb][\/et_pb_icon][et_pb_divider color=\u00bb#FFFFFF\u00bb _builder_version=\u00bb4.21.0&#8243; _module_preset=\u00bbdefault\u00bb max_width=\u00bb165px\u00bb module_alignment=\u00bbcenter\u00bb global_colors_info=\u00bb{}\u00bb theme_builder_area=\u00bbpost_content\u00bb][\/et_pb_divider][et_pb_text _builder_version=\u00bb4.21.0&#8243; _module_preset=\u00bbfbbb8d30-a996-4018-8358-6933d758e3e7&#8243; header_2_text_color=\u00bb#FFFFFF\u00bb text_orientation=\u00bbcenter\u00bb global_colors_info=\u00bb{}\u00bb theme_builder_area=\u00bbpost_content\u00bb]<\/p>\n<h2>Somos Salud M\u00e9todo Avanzado<\/h2>\n<p>[\/et_pb_text][et_pb_button button_url=\u00bbtel:\/+34916955473&#8243; button_text=\u00bbLlama al 916955473&#8243; button_alignment=\u00bbcenter\u00bb _builder_version=\u00bb4.21.0&#8243; _module_preset=\u00bbdefault\u00bb custom_button=\u00bbon\u00bb button_text_size=\u00bb16px\u00bb button_text_color=\u00bb#FFFFFF\u00bb button_bg_color=\u00bb#000000&#8243; button_border_color=\u00bb#000000&#8243; button_font=\u00bb|600|||||||\u00bb button_icon=\u00bb&#x49;||divi||400&#8243; locked=\u00bboff\u00bb global_colors_info=\u00bb{}\u00bb theme_builder_area=\u00bbpost_content\u00bb][\/et_pb_button][\/et_pb_column][\/et_pb_row][\/et_pb_section]<\/p>\n","protected":false},"excerpt":{"rendered":"<p>Refuerzo EscolarApoyo EscolarCON NOSOTROS VAS A APROBAR. LLAMANOS!\u00a1TODAV\u00cdA EST\u00c1S A TIEMPO, NO LO DEJES PARA M\u00c1S TARDE!\u00a1AP\u00daNTATE!. VAS A APROBAR. PROFESORES Y PSIC\u00d3LOGOS. SEGUIMOS TU EVOLUCI\u00d3N. PARA QUE NO HAYA UN FRACASO ESCOLAR.En SALUD M\u00c9TODO AVANZADO, llevamos m\u00e1s de 25 a\u00f1os formando alumnos, ayud\u00e1ndolos a superar todos sus problemas en el estudio y d\u00e1ndoles seguridad, [&hellip;]<\/p>\n","protected":false},"author":1,"featured_media":0,"parent":0,"menu_order":0,"comment_status":"closed","ping_status":"closed","template":"","meta":{"_et_pb_use_builder":"on","_et_pb_old_content":"<!-- wp:divi\/placeholder \/-->","_et_gb_content_width":"","_joinchat":[],"footnotes":""},"class_list":["post-310","page","type-page","status-publish","hentry"],"_links":{"self":[{"href":"https:\/\/saludmetodoavanzado.com\/index.php\/wp-json\/wp\/v2\/pages\/310","targetHints":{"allow":["GET"]}}],"collection":[{"href":"https:\/\/saludmetodoavanzado.com\/index.php\/wp-json\/wp\/v2\/pages"}],"about":[{"href":"https:\/\/saludmetodoavanzado.com\/index.php\/wp-json\/wp\/v2\/types\/page"}],"author":[{"embeddable":true,"href":"https:\/\/saludmetodoavanzado.com\/index.php\/wp-json\/wp\/v2\/users\/1"}],"replies":[{"embeddable":true,"href":"https:\/\/saludmetodoavanzado.com\/index.php\/wp-json\/wp\/v2\/comments?post=310"}],"version-history":[{"count":3,"href":"https:\/\/saludmetodoavanzado.com\/index.php\/wp-json\/wp\/v2\/pages\/310\/revisions"}],"predecessor-version":[{"id":315,"href":"https:\/\/saludmetodoavanzado.com\/index.php\/wp-json\/wp\/v2\/pages\/310\/revisions\/315"}],"wp:attachment":[{"href":"https:\/\/saludmetodoavanzado.com\/index.php\/wp-json\/wp\/v2\/media?parent=310"}],"curies":[{"name":"wp","href":"https:\/\/api.w.org\/{rel}","templated":true}]}}