{"id":262,"date":"2023-07-23T03:07:30","date_gmt":"2023-07-23T03:07:30","guid":{"rendered":"https:\/\/saludmetodoavanzado.com\/?page_id=262"},"modified":"2023-07-23T03:28:43","modified_gmt":"2023-07-23T03:28:43","slug":"logopedia-para-ninos","status":"publish","type":"page","link":"https:\/\/saludmetodoavanzado.com\/index.php\/logopedia-para-ninos\/","title":{"rendered":"Logopedia para ni\u00f1os"},"content":{"rendered":"<p>[et_pb_section fb_built=\u00bb1&#8243; admin_label=\u00bbHeader\u00bb _builder_version=\u00bb4.21.0&#8243; _module_preset=\u00bbdefault\u00bb background_color=\u00bb#e80000&#8243; collapsed=\u00bbon\u00bb global_colors_info=\u00bb{}\u00bb theme_builder_area=\u00bbpost_content\u00bb][et_pb_row _builder_version=\u00bb4.19.5&#8243; _module_preset=\u00bbdefault\u00bb max_width=\u00bb700px\u00bb global_colors_info=\u00bb{}\u00bb theme_builder_area=\u00bbpost_content\u00bb][et_pb_column type=\u00bb4_4&#8243; _builder_version=\u00bb4.19.5&#8243; _module_preset=\u00bbdefault\u00bb global_colors_info=\u00bb{}\u00bb theme_builder_area=\u00bbpost_content\u00bb][et_pb_text _builder_version=\u00bb4.21.0&#8243; _module_preset=\u00bb012adf3c-fe29-419a-b8e5-012d9b3ae9ce\u00bb header_text_color=\u00bb#FFFFFF\u00bb text_orientation=\u00bbcenter\u00bb custom_margin=\u00bb||10px||false|false\u00bb hover_enabled=\u00bb0&#8243; global_colors_info=\u00bb{}\u00bb theme_builder_area=\u00bbpost_content\u00bb sticky_enabled=\u00bb0&#8243;]<\/p>\n<h1>Logopedia para ni\u00f1os<\/h1>\n<p>[\/et_pb_text][\/et_pb_column][\/et_pb_row][\/et_pb_section][et_pb_section fb_built=\u00bb1&#8243; admin_label=\u00bbAbout\u00bb _builder_version=\u00bb4.19.5&#8243; _module_preset=\u00bbdefault\u00bb background_color=\u00bbgcid-9464c34f-f9ff-43eb-9668-c958662e33fc\u00bb locked=\u00bboff\u00bb collapsed=\u00bbon\u00bb global_colors_info=\u00bb{%22gcid-9464c34f-f9ff-43eb-9668-c958662e33fc%22:%91%22background_color%22%93}\u00bb theme_builder_area=\u00bbpost_content\u00bb][et_pb_row column_structure=\u00bb1_2,1_2&#8243; make_equal=\u00bbon\u00bb _builder_version=\u00bb4.19.5&#8243; _module_preset=\u00bbdefault\u00bb custom_padding=\u00bb||0px|||\u00bb global_colors_info=\u00bb{}\u00bb theme_builder_area=\u00bbpost_content\u00bb custom_margin=\u00bb|auto|35px|auto||\u00bb][et_pb_column type=\u00bb1_2&#8243; _builder_version=\u00bb4.19.5&#8243; _module_preset=\u00bbdefault\u00bb global_colors_info=\u00bb{}\u00bb theme_builder_area=\u00bbpost_content\u00bb][et_pb_image src=\u00bbhttps:\/\/saludmetodoavanzado.com\/wp-content\/uploads\/2023\/07\/health-clinic-1.png\u00bb title_text=\u00bbhealth-clinic-1&#8243; _builder_version=\u00bb4.19.5&#8243; _module_preset=\u00bbdefault\u00bb max_height=\u00bb12px\u00bb locked=\u00bboff\u00bb global_colors_info=\u00bb{}\u00bb theme_builder_area=\u00bbpost_content\u00bb][\/et_pb_image][et_pb_text _builder_version=\u00bb4.21.0&#8243; _module_preset=\u00bbeb1abcd3-8bd5-4b06-b1ab-d1a9f3e0574a\u00bb header_3_font_size=\u00bb37px\u00bb header_3_line_height=\u00bb1.2em\u00bb custom_margin=\u00bb||10px||false|false\u00bb hover_enabled=\u00bb0&#8243; global_colors_info=\u00bb{}\u00bb theme_builder_area=\u00bbpost_content\u00bb sticky_enabled=\u00bb0&#8243;]<\/p>\n<h3>Logopedia<\/h3>\n<p>[\/et_pb_text][et_pb_text _builder_version=\u00bb4.21.0&#8243; _module_preset=\u00bbe3721a3e-bb63-47a9-b818-9a5684dacbc0&#8243; hover_enabled=\u00bb0&#8243; global_colors_info=\u00bb{}\u00bb theme_builder_area=\u00bbpost_content\u00bb sticky_enabled=\u00bb0&#8243;]<\/p>\n<p style=\"text-align: justify;\"><span>El\u00a0<\/span><b>desarrollo evolutivo del ni\u00f1o<\/b><span>\u00a0est\u00e1 marcado por una serie de pasos, de Hitos Evolutivos, considerados como lo que es \u201cnormal\u201d: la edad en que se dicen las primeras palabras, en que se dan los primeros pasos, etc., dentro de los cuales existe cierta diferencia entre unos ni\u00f1os y otros sin que por ello debamos preocuparnos.<\/span><\/p>\n<p style=\"text-align: justify;\"><span>Pero en determinadas ocasiones, algunos padres perciben que los compa\u00f1eros de su hijo ya hablan con soltura mientras su hijo no dice apenas unas palabras o cuando las dice, no se le entiende; es el momento de acudir a un\u00a0<\/span><b>especialista<\/b><span>\u00a0para que d\u00e9 su opini\u00f3n como experto, y si fuera necesario,\u00a0<\/span><b>realizar el seguimiento<\/b><span>\u00a0m\u00e1s adecuado.<\/span><\/p>\n<p>[\/et_pb_text][\/et_pb_column][et_pb_column type=\u00bb1_2&#8243; _builder_version=\u00bb4.19.5&#8243; _module_preset=\u00bbdefault\u00bb global_colors_info=\u00bb{}\u00bb theme_builder_area=\u00bbpost_content\u00bb][et_pb_image src=\u00bbhttps:\/\/saludmetodoavanzado.com\/wp-content\/uploads\/2023\/07\/Logopedia-ninos-0.jpg\u00bb title_text=\u00bbLogopedia ni\u00f1os-0&#8243; _builder_version=\u00bb4.21.0&#8243; _module_preset=\u00bbdefault\u00bb hover_enabled=\u00bb0&#8243; border_radii=\u00bbon|10px|10px|10px|10px\u00bb global_colors_info=\u00bb{}\u00bb theme_builder_area=\u00bbpost_content\u00bb sticky_enabled=\u00bb0&#8243;][\/et_pb_image][et_pb_image src=\u00bbhttps:\/\/saludmetodoavanzado.com\/wp-content\/uploads\/2023\/07\/health-clinic-2.png\u00bb title_text=\u00bbhealth-clinic-2&#8243; _builder_version=\u00bb4.19.5&#8243; _module_preset=\u00bbdefault\u00bb positioning=\u00bbabsolute\u00bb position_origin_a=\u00bbtop_right\u00bb vertical_offset=\u00bb-8%\u00bb horizontal_offset=\u00bb-8%\u00bb width=\u00bb30%\u00bb global_colors_info=\u00bb{}\u00bb theme_builder_area=\u00bbpost_content\u00bb][\/et_pb_image][\/et_pb_column][\/et_pb_row][et_pb_row _builder_version=\u00bb4.21.0&#8243; _module_preset=\u00bbdefault\u00bb custom_padding=\u00bb4px|||||\u00bb global_colors_info=\u00bb{}\u00bb theme_builder_area=\u00bbpost_content\u00bb][et_pb_column type=\u00bb4_4&#8243; _builder_version=\u00bb4.21.0&#8243; _module_preset=\u00bbdefault\u00bb global_colors_info=\u00bb{}\u00bb theme_builder_area=\u00bbpost_content\u00bb][et_pb_text _builder_version=\u00bb4.21.0&#8243; _module_preset=\u00bbdefault\u00bb text_font_size=\u00bb16px\u00bb hover_enabled=\u00bb0&#8243; global_colors_info=\u00bb{}\u00bb theme_builder_area=\u00bbpost_content\u00bb sticky_enabled=\u00bb0&#8243; header_3_line_height=\u00bb1.3em\u00bb]<\/p>\n<h3 style=\"text-align: center;\"><strong>SALUD M\u00c9TODO AVANZADO en Logopedia atendemos todas las necesidades de los ni\u00f1os de manera especializada<\/strong><\/h3>\n<p>[\/et_pb_text][\/et_pb_column][\/et_pb_row][et_pb_row column_structure=\u00bb1_2,1_2&#8243; make_equal=\u00bbon\u00bb _builder_version=\u00bb4.19.5&#8243; _module_preset=\u00bbdefault\u00bb locked=\u00bboff\u00bb global_colors_info=\u00bb{}\u00bb theme_builder_area=\u00bbpost_content\u00bb][et_pb_column type=\u00bb1_2&#8243; _builder_version=\u00bb4.19.5&#8243; _module_preset=\u00bbdefault\u00bb global_colors_info=\u00bb{}\u00bb theme_builder_area=\u00bbpost_content\u00bb][et_pb_image src=\u00bbhttps:\/\/saludmetodoavanzado.com\/wp-content\/uploads\/2023\/07\/Ninos-logopedia.jpg\u00bb title_text=\u00bbNi\u00f1os logopedia\u00bb _builder_version=\u00bb4.21.0&#8243; _module_preset=\u00bbdefault\u00bb hover_enabled=\u00bb0&#8243; border_radii=\u00bbon|10px|10px|10px|10px\u00bb global_colors_info=\u00bb{}\u00bb theme_builder_area=\u00bbpost_content\u00bb sticky_enabled=\u00bb0&#8243;][\/et_pb_image][\/et_pb_column][et_pb_column type=\u00bb1_2&#8243; _builder_version=\u00bb4.19.5&#8243; _module_preset=\u00bbdefault\u00bb global_colors_info=\u00bb{}\u00bb theme_builder_area=\u00bbpost_content\u00bb][et_pb_toggle title=\u00bbDislalias y dificultades de articulaci\u00f3n\u00bb open_toggle_text_color=\u00bb#FF0400&#8243; _builder_version=\u00bb4.21.0&#8243; _module_preset=\u00bbdefault\u00bb title_text_color=\u00bb#000000&#8243; title_font=\u00bb|700|||||||\u00bb hover_enabled=\u00bb0&#8243; global_colors_info=\u00bb{}\u00bb theme_builder_area=\u00bbpost_content\u00bb sticky_enabled=\u00bb0&#8243;]<\/p>\n<p style=\"text-align: justify;\">La Dislalia es una dificultad para la producci\u00f3n o articulaci\u00f3n de uno o varios fonemas en ni\u00f1os o ni\u00f1as mayores de 4 a\u00f1os sin que existan trastornos en el sistema nervioso central ni en el perif\u00e9rico. Tampoco se observan deformaciones anat\u00f3micas o fisiol\u00f3gicas en los \u00f3rganos articulatorios.<\/p>\n<p>[\/et_pb_toggle][et_pb_toggle title=\u00bbRetraso del Lenguaje\u00bb open_toggle_text_color=\u00bb#FF0400&#8243; _builder_version=\u00bb4.21.0&#8243; _module_preset=\u00bbdefault\u00bb title_text_color=\u00bb#000000&#8243; title_font=\u00bb|700|||||||\u00bb hover_enabled=\u00bb0&#8243; global_colors_info=\u00bb{}\u00bb theme_builder_area=\u00bbpost_content\u00bb sticky_enabled=\u00bb0&#8243;]<\/p>\n<p style=\"text-align: justify;\"><span>La Metodolog\u00eda en el caso de los ni\u00f1os siempre tendr\u00e1 un car\u00e1cter l\u00fadico con la intenci\u00f3n de atraer su inter\u00e9s y lograr su participaci\u00f3n, pero siempre con un objetivo com\u00fan: ESTIMULAR AL NI\u00d1O Y FAVORECER SU DESARROLLO.<\/span><\/p>\n<p>[\/et_pb_toggle][et_pb_toggle title=\u00bbT.E.L o Trastorno Espec\u00edfico del Lenguaje\u00bb open_toggle_text_color=\u00bb#FF0400&#8243; _builder_version=\u00bb4.21.0&#8243; _module_preset=\u00bbdefault\u00bb title_text_color=\u00bb#000000&#8243; title_font=\u00bb|700|||||||\u00bb hover_enabled=\u00bb0&#8243; global_colors_info=\u00bb{}\u00bb theme_builder_area=\u00bbpost_content\u00bb sticky_enabled=\u00bb0&#8243;]<\/p>\n<p style=\"text-align: justify;\"><span>El\u00a0<\/span><b>trastorno espec\u00edfico del lenguaje<\/b><span>\u00a0puede afectar el\u00a0<\/span><b>habla<\/b><span>, la capacidad para escuchar, la lectura y la escritura de los ni\u00f1os. Tambi\u00e9n se le conoce como\u00a0<\/span><b>trastorno<\/b><span>\u00a0del desarrollo del\u00a0<\/span><b>lenguaje<\/b><span>, retraso del\u00a0<\/span><b>lenguaje<\/b><span> o disfasia del desarrollo.<\/span><\/p>\n<p>[\/et_pb_toggle][et_pb_toggle title=\u00bbDisfemia (Tartamudez)\u00bb open_toggle_text_color=\u00bb#FF0400&#8243; _builder_version=\u00bb4.21.0&#8243; _module_preset=\u00bbdefault\u00bb title_text_color=\u00bb#000000&#8243; title_font=\u00bb|700|||||||\u00bb hover_enabled=\u00bb0&#8243; global_colors_info=\u00bb{}\u00bb theme_builder_area=\u00bbpost_content\u00bb sticky_enabled=\u00bb0&#8243;]<\/p>\n<p style=\"text-align: justify;\"><span>La tartamudez o disfemia es un trastorno del habla (no un trastorno del lenguaje) que se caracteriza por interrupciones de la fluidez del habla, bloqueos o espasmos, que se acompa\u00f1an normalmente de tensi\u00f3n muscular en cara y cuello, miedo y estr\u00e9s.<\/span><\/p>\n<p>[\/et_pb_toggle][et_pb_toggle title=\u00bbDisfon\u00eda\u00bb open_toggle_text_color=\u00bb#FF0400&#8243; _builder_version=\u00bb4.21.0&#8243; _module_preset=\u00bbdefault\u00bb title_text_color=\u00bb#000000&#8243; title_font=\u00bb|700|||||||\u00bb hover_enabled=\u00bb0&#8243; global_colors_info=\u00bb{}\u00bb theme_builder_area=\u00bbpost_content\u00bb sticky_enabled=\u00bb0&#8243;]<\/p>\n<p style=\"text-align: justify;\"><span>Disfon\u00eda funcional complicada: son alteraciones en las cuerdas vocales, provocadas por un comportamiento vocal defectuoso. En el caso de los ni\u00f1os, la alteraci\u00f3n de las cuerdas vocales m\u00e1s frecuente son los n\u00f3dulos lar\u00edngeos por abuso vocal.<\/span><\/p>\n<p>[\/et_pb_toggle][et_pb_toggle title=\u00bbDislexia. Alteraciones de Lecto-Escritura\u00bb open_toggle_text_color=\u00bb#FF0400&#8243; _builder_version=\u00bb4.21.0&#8243; _module_preset=\u00bbdefault\u00bb title_text_color=\u00bb#000000&#8243; title_font=\u00bb|700|||||||\u00bb hover_enabled=\u00bb0&#8243; global_colors_info=\u00bb{}\u00bb theme_builder_area=\u00bbpost_content\u00bb sticky_enabled=\u00bb0&#8243;]<\/p>\n<p style=\"text-align: justify;\">La dislexia es un\u00a0trastorno del aprendizaje que consiste en la dificultad en la lectura debido a inconvenientes para identificar los sonidos del habla y aprender a relacionarlos con las letras y las palabras\u00a0(decodificaci\u00f3n).<\/p>\n<p>[\/et_pb_toggle][et_pb_toggle title=\u00bbControl de la conducta\u00bb open_toggle_text_color=\u00bb#FF0400&#8243; _builder_version=\u00bb4.21.0&#8243; _module_preset=\u00bbdefault\u00bb title_text_color=\u00bb#000000&#8243; title_font=\u00bb|700|||||||\u00bb hover_enabled=\u00bb0&#8243; global_colors_info=\u00bb{}\u00bb theme_builder_area=\u00bbpost_content\u00bb sticky_enabled=\u00bb0&#8243;]<\/p>\n<p style=\"text-align: justify;\"><span>La modificaci\u00f3n de conducta tiene como objetivo minimizar o cambiar conductas \u201cdesadaptadas\u201d o rebeldes. Cada vez es m\u00e1s frecuente que nos encontremos con ni\u00f1os que desobedecen, mienten, insultan, que se muestran agresivos y retadores, etc\u2026 Estos comportamientos, son claros s\u00edntomas de que existe un problema de conducta. Tanto los padres como los profesores debemos tratar de corregir y controlar estas comportamientos antisociales en la infancia si no queremos que se intensifiquen en la adolescencia. Descubre estas 5 t\u00e9cnicas y estrategias de modificaci\u00f3n de la conducta que te ayudar\u00e1n a controlar la conducta agresiva y retadora. Como huir del castigo f\u00edsico y educar sin violencia.<\/span><\/p>\n<p>[\/et_pb_toggle][et_pb_toggle title=\u00bbTrastornos por D\u00e9ficit de Atenci\u00f3n TDAH\u00bb open_toggle_text_color=\u00bb#FF0400&#8243; _builder_version=\u00bb4.21.0&#8243; _module_preset=\u00bbdefault\u00bb title_text_color=\u00bb#000000&#8243; title_font=\u00bb|700|||||||\u00bb hover_enabled=\u00bb0&#8243; global_colors_info=\u00bb{}\u00bb theme_builder_area=\u00bbpost_content\u00bb sticky_enabled=\u00bb0&#8243;]<\/p>\n<p style=\"text-align: justify;\"><span>TDAH son las siglas de Trastorno por D\u00e9ficit de Atenci\u00f3n e Hiperactividad. Se trata de un trastorno de car\u00e1cter neurobiol\u00f3gico originado en la infancia que implica un patr\u00f3n de d\u00e9ficit de atenci\u00f3n, hiperactividad y\/o impulsividad, y que en muchas ocasiones est\u00e1 asociado con otros trastornos com\u00f3rbidos.<\/span><\/p>\n<p>[\/et_pb_toggle][\/et_pb_column][\/et_pb_row][\/et_pb_section][et_pb_section fb_built=\u00bb1&#8243; admin_label=\u00bbCall to Action\u00bb _builder_version=\u00bb4.21.0&#8243; _module_preset=\u00bbdefault\u00bb background_color=\u00bbRGBA(224,43,32,0.84)\u00bb background_image=\u00bbhttps:\/\/saludmetodoavanzado.com\/wp-content\/uploads\/2023\/07\/health-clinic-24.jpg\u00bb background_blend=\u00bboverlay\u00bb custom_padding=\u00bb10vw||10vw||true|false\u00bb saved_tabs=\u00bball\u00bb locked=\u00bboff\u00bb collapsed=\u00bbon\u00bb global_colors_info=\u00bb{}\u00bb theme_builder_area=\u00bbpost_content\u00bb][et_pb_row _builder_version=\u00bb4.19.5&#8243; _module_preset=\u00bbdefault\u00bb max_width=\u00bb800px\u00bb global_colors_info=\u00bb{}\u00bb theme_builder_area=\u00bbpost_content\u00bb][et_pb_column type=\u00bb4_4&#8243; _builder_version=\u00bb4.19.5&#8243; _module_preset=\u00bbdefault\u00bb global_colors_info=\u00bb{}\u00bb theme_builder_area=\u00bbpost_content\u00bb][et_pb_icon font_icon=\u00bb&#xf21e;||fa||900&#8243; icon_color=\u00bb#FFFFFF\u00bb icon_width=\u00bb24px\u00bb _builder_version=\u00bb4.21.0&#8243; _module_preset=\u00bbdefault\u00bb global_colors_info=\u00bb{}\u00bb theme_builder_area=\u00bbpost_content\u00bb][\/et_pb_icon][et_pb_divider color=\u00bb#FFFFFF\u00bb _builder_version=\u00bb4.21.0&#8243; _module_preset=\u00bbdefault\u00bb max_width=\u00bb165px\u00bb module_alignment=\u00bbcenter\u00bb global_colors_info=\u00bb{}\u00bb theme_builder_area=\u00bbpost_content\u00bb][\/et_pb_divider][et_pb_text _builder_version=\u00bb4.21.0&#8243; _module_preset=\u00bbfbbb8d30-a996-4018-8358-6933d758e3e7&#8243; header_2_text_color=\u00bb#FFFFFF\u00bb text_orientation=\u00bbcenter\u00bb global_colors_info=\u00bb{}\u00bb theme_builder_area=\u00bbpost_content\u00bb]<\/p>\n<h2>Somos Salud M\u00e9todo Avanzado<\/h2>\n<p>[\/et_pb_text][et_pb_button button_url=\u00bbtel:\/+34916955473&#8243; button_text=\u00bbLlama al 916955473&#8243; button_alignment=\u00bbcenter\u00bb _builder_version=\u00bb4.21.0&#8243; _module_preset=\u00bbdefault\u00bb custom_button=\u00bbon\u00bb button_text_size=\u00bb16px\u00bb button_text_color=\u00bb#FFFFFF\u00bb button_bg_color=\u00bb#000000&#8243; button_border_color=\u00bb#000000&#8243; button_font=\u00bb|600|||||||\u00bb button_icon=\u00bb&#x49;||divi||400&#8243; locked=\u00bboff\u00bb global_colors_info=\u00bb{}\u00bb theme_builder_area=\u00bbpost_content\u00bb][\/et_pb_button][\/et_pb_column][\/et_pb_row][\/et_pb_section]<\/p>\n","protected":false},"excerpt":{"rendered":"<p>Logopedia para ni\u00f1osLogopediaEl\u00a0desarrollo evolutivo del ni\u00f1o\u00a0est\u00e1 marcado por una serie de pasos, de Hitos Evolutivos, considerados como lo que es \u201cnormal\u201d: la edad en que se dicen las primeras palabras, en que se dan los primeros pasos, etc., dentro de los cuales existe cierta diferencia entre unos ni\u00f1os y otros sin que por ello debamos [&hellip;]<\/p>\n","protected":false},"author":1,"featured_media":0,"parent":0,"menu_order":0,"comment_status":"closed","ping_status":"closed","template":"","meta":{"_et_pb_use_builder":"on","_et_pb_old_content":"<!-- wp:divi\/placeholder \/-->","_et_gb_content_width":"","_joinchat":[],"footnotes":""},"class_list":["post-262","page","type-page","status-publish","hentry"],"_links":{"self":[{"href":"https:\/\/saludmetodoavanzado.com\/index.php\/wp-json\/wp\/v2\/pages\/262","targetHints":{"allow":["GET"]}}],"collection":[{"href":"https:\/\/saludmetodoavanzado.com\/index.php\/wp-json\/wp\/v2\/pages"}],"about":[{"href":"https:\/\/saludmetodoavanzado.com\/index.php\/wp-json\/wp\/v2\/types\/page"}],"author":[{"embeddable":true,"href":"https:\/\/saludmetodoavanzado.com\/index.php\/wp-json\/wp\/v2\/users\/1"}],"replies":[{"embeddable":true,"href":"https:\/\/saludmetodoavanzado.com\/index.php\/wp-json\/wp\/v2\/comments?post=262"}],"version-history":[{"count":3,"href":"https:\/\/saludmetodoavanzado.com\/index.php\/wp-json\/wp\/v2\/pages\/262\/revisions"}],"predecessor-version":[{"id":270,"href":"https:\/\/saludmetodoavanzado.com\/index.php\/wp-json\/wp\/v2\/pages\/262\/revisions\/270"}],"wp:attachment":[{"href":"https:\/\/saludmetodoavanzado.com\/index.php\/wp-json\/wp\/v2\/media?parent=262"}],"curies":[{"name":"wp","href":"https:\/\/api.w.org\/{rel}","templated":true}]}}