{"id":227,"date":"2023-07-22T03:12:46","date_gmt":"2023-07-22T03:12:46","guid":{"rendered":"https:\/\/saludmetodoavanzado.com\/?page_id=227"},"modified":"2023-07-22T03:28:17","modified_gmt":"2023-07-22T03:28:17","slug":"tercera-edad","status":"publish","type":"page","link":"https:\/\/saludmetodoavanzado.com\/index.php\/tercera-edad\/","title":{"rendered":"Tercera Edad"},"content":{"rendered":"<p>[et_pb_section fb_built=\u00bb1&#8243; admin_label=\u00bbHeader\u00bb _builder_version=\u00bb4.21.0&#8243; _module_preset=\u00bbdefault\u00bb background_color=\u00bb#e80000&#8243; collapsed=\u00bbon\u00bb global_colors_info=\u00bb{}\u00bb theme_builder_area=\u00bbpost_content\u00bb][et_pb_row _builder_version=\u00bb4.19.5&#8243; _module_preset=\u00bbdefault\u00bb max_width=\u00bb700px\u00bb global_colors_info=\u00bb{}\u00bb theme_builder_area=\u00bbpost_content\u00bb][et_pb_column type=\u00bb4_4&#8243; _builder_version=\u00bb4.19.5&#8243; _module_preset=\u00bbdefault\u00bb global_colors_info=\u00bb{}\u00bb theme_builder_area=\u00bbpost_content\u00bb][et_pb_text _builder_version=\u00bb4.21.0&#8243; _module_preset=\u00bb012adf3c-fe29-419a-b8e5-012d9b3ae9ce\u00bb header_text_color=\u00bb#FFFFFF\u00bb text_orientation=\u00bbcenter\u00bb custom_margin=\u00bb||10px||false|false\u00bb hover_enabled=\u00bb0&#8243; global_colors_info=\u00bb{}\u00bb theme_builder_area=\u00bbpost_content\u00bb sticky_enabled=\u00bb0&#8243;]<\/p>\n<h1>Tercera Edad<\/h1>\n<p>[\/et_pb_text][\/et_pb_column][\/et_pb_row][\/et_pb_section][et_pb_section fb_built=\u00bb1&#8243; admin_label=\u00bbAbout\u00bb _builder_version=\u00bb4.19.5&#8243; _module_preset=\u00bbdefault\u00bb background_color=\u00bbgcid-9464c34f-f9ff-43eb-9668-c958662e33fc\u00bb locked=\u00bboff\u00bb collapsed=\u00bbon\u00bb global_colors_info=\u00bb{%22gcid-9464c34f-f9ff-43eb-9668-c958662e33fc%22:%91%22background_color%22%93}\u00bb theme_builder_area=\u00bbpost_content\u00bb][et_pb_row column_structure=\u00bb1_2,1_2&#8243; make_equal=\u00bbon\u00bb _builder_version=\u00bb4.19.5&#8243; _module_preset=\u00bbdefault\u00bb custom_padding=\u00bb||0px|||\u00bb global_colors_info=\u00bb{}\u00bb theme_builder_area=\u00bbpost_content\u00bb][et_pb_column type=\u00bb1_2&#8243; _builder_version=\u00bb4.19.5&#8243; _module_preset=\u00bbdefault\u00bb global_colors_info=\u00bb{}\u00bb theme_builder_area=\u00bbpost_content\u00bb][et_pb_image src=\u00bbhttps:\/\/saludmetodoavanzado.com\/wp-content\/uploads\/2023\/07\/health-clinic-1.png\u00bb title_text=\u00bbhealth-clinic-1&#8243; _builder_version=\u00bb4.19.5&#8243; _module_preset=\u00bbdefault\u00bb max_height=\u00bb12px\u00bb locked=\u00bboff\u00bb global_colors_info=\u00bb{}\u00bb theme_builder_area=\u00bbpost_content\u00bb][\/et_pb_image][et_pb_text _builder_version=\u00bb4.21.0&#8243; _module_preset=\u00bbeb1abcd3-8bd5-4b06-b1ab-d1a9f3e0574a\u00bb header_3_font_size=\u00bb37px\u00bb header_3_line_height=\u00bb1.2em\u00bb custom_margin=\u00bb||10px||false|false\u00bb hover_enabled=\u00bb0&#8243; global_colors_info=\u00bb{}\u00bb theme_builder_area=\u00bbpost_content\u00bb sticky_enabled=\u00bb0&#8243;]<\/p>\n<h3>La tercera edad y la depresi\u00f3n<\/h3>\n<p>[\/et_pb_text][et_pb_text _builder_version=\u00bb4.21.0&#8243; _module_preset=\u00bbe3721a3e-bb63-47a9-b818-9a5684dacbc0&#8243; hover_enabled=\u00bb0&#8243; global_colors_info=\u00bb{}\u00bb theme_builder_area=\u00bbpost_content\u00bb sticky_enabled=\u00bb0&#8243;]<\/p>\n<p style=\"text-align: justify;\">La tercera edad suele describirse como una \u00e9poca de descanso, reflexi\u00f3n y de oportunidades para hacer cosas que quedaron postergadas mientras uno criaba a los hijos y desarrollaba su carrera.<\/p>\n<p style=\"text-align: justify;\">Lamentablemente, el proceso de envejecimiento no es siempre tan id\u00edlico. Acontecimientos de la tercera edad como, por ejemplo, los trastornos m\u00e9dicos cr\u00f3nicos y debilitantes, la p\u00e9rdida de amigos y seres queridos, y la incapacidad para participar en actividades que antes disfrutaba, pueden resultar una carga muy pesada para el bienestar emocional de una persona que est\u00e1 envejeciendo.<\/p>\n<p style=\"text-align: justify;\">Una persona de edad avanzada tambi\u00e9n puede sentir una p\u00e9rdida de control sobre su vida debido a problemas con la vista, p\u00e9rdida de la audici\u00f3n y otros cambios f\u00edsicos, as\u00ed como presiones externas como, por ejemplo, recursos financieros limitados. Estos y otros asuntos suelen dejar emociones negativas como la tristeza, la ansiedad, la soledad y la baja autoestima, que a su vez conducen al aislamiento social y la apat\u00eda.<\/p>\n<p>[\/et_pb_text][\/et_pb_column][et_pb_column type=\u00bb1_2&#8243; _builder_version=\u00bb4.19.5&#8243; _module_preset=\u00bbdefault\u00bb global_colors_info=\u00bb{}\u00bb theme_builder_area=\u00bbpost_content\u00bb][et_pb_image src=\u00bbhttps:\/\/saludmetodoavanzado.com\/wp-content\/uploads\/2023\/07\/Depresion-3er-edad-1.jpg\u00bb title_text=\u00bbDepresi\u00f3n 3er edad 1&#8243; _builder_version=\u00bb4.21.0&#8243; _module_preset=\u00bbdefault\u00bb hover_enabled=\u00bb0&#8243; border_radii=\u00bbon|10px|10px|10px|10px\u00bb global_colors_info=\u00bb{}\u00bb theme_builder_area=\u00bbpost_content\u00bb sticky_enabled=\u00bb0&#8243;][\/et_pb_image][et_pb_image src=\u00bbhttps:\/\/saludmetodoavanzado.com\/wp-content\/uploads\/2023\/07\/health-clinic-2.png\u00bb title_text=\u00bbhealth-clinic-2&#8243; _builder_version=\u00bb4.19.5&#8243; _module_preset=\u00bbdefault\u00bb positioning=\u00bbabsolute\u00bb position_origin_a=\u00bbtop_right\u00bb vertical_offset=\u00bb-8%\u00bb horizontal_offset=\u00bb-8%\u00bb width=\u00bb30%\u00bb global_colors_info=\u00bb{}\u00bb theme_builder_area=\u00bbpost_content\u00bb][\/et_pb_image][\/et_pb_column][\/et_pb_row][et_pb_row column_structure=\u00bb1_2,1_2&#8243; make_equal=\u00bbon\u00bb _builder_version=\u00bb4.19.5&#8243; _module_preset=\u00bbdefault\u00bb global_colors_info=\u00bb{}\u00bb theme_builder_area=\u00bbpost_content\u00bb custom_margin=\u00bb23px|auto||auto||\u00bb][et_pb_column type=\u00bb1_2&#8243; _builder_version=\u00bb4.19.5&#8243; _module_preset=\u00bbdefault\u00bb global_colors_info=\u00bb{}\u00bb theme_builder_area=\u00bbpost_content\u00bb][et_pb_image src=\u00bbhttps:\/\/saludmetodoavanzado.com\/wp-content\/uploads\/2023\/07\/health-clinic-2.png\u00bb title_text=\u00bbhealth-clinic-2&#8243; admin_label=\u00bbImage\u00bb _builder_version=\u00bb4.19.5&#8243; _module_preset=\u00bbdefault\u00bb positioning=\u00bbabsolute\u00bb position_origin_a=\u00bbbottom_left\u00bb vertical_offset=\u00bb-36%\u00bb horizontal_offset=\u00bb-8%\u00bb width=\u00bb30%\u00bb scroll_vertical_motion_enable=\u00bbon\u00bb scroll_vertical_motion=\u00bb0|50|50|100|1|0|-1&#8243; locked=\u00bboff\u00bb global_colors_info=\u00bb{}\u00bb theme_builder_area=\u00bbpost_content\u00bb][\/et_pb_image][et_pb_image src=\u00bbhttps:\/\/saludmetodoavanzado.com\/wp-content\/uploads\/2023\/07\/depresion-3era-edad-2.jpg\u00bb title_text=\u00bbdepresi\u00f3n 3era edad 2&#8243; _builder_version=\u00bb4.21.0&#8243; _module_preset=\u00bbdefault\u00bb hover_enabled=\u00bb0&#8243; border_radii=\u00bbon|10px|10px|10px|10px\u00bb global_colors_info=\u00bb{}\u00bb theme_builder_area=\u00bbpost_content\u00bb sticky_enabled=\u00bb0&#8243;][\/et_pb_image][\/et_pb_column][et_pb_column type=\u00bb1_2&#8243; _builder_version=\u00bb4.19.5&#8243; _module_preset=\u00bbdefault\u00bb global_colors_info=\u00bb{}\u00bb theme_builder_area=\u00bbpost_content\u00bb][et_pb_text _builder_version=\u00bb4.21.0&#8243; _module_preset=\u00bbe3721a3e-bb63-47a9-b818-9a5684dacbc0&#8243; hover_enabled=\u00bb0&#8243; locked=\u00bboff\u00bb global_colors_info=\u00bb{}\u00bb theme_builder_area=\u00bbpost_content\u00bb sticky_enabled=\u00bb0&#8243;]<\/p>\n<h3 style=\"text-align: left;\"><strong>Depresi\u00f3n<\/strong><\/h3>\n<p>[\/et_pb_text][et_pb_text _builder_version=\u00bb4.21.0&#8243; _module_preset=\u00bbe3721a3e-bb63-47a9-b818-9a5684dacbc0&#8243; hover_enabled=\u00bb0&#8243; locked=\u00bboff\u00bb global_colors_info=\u00bb{}\u00bb theme_builder_area=\u00bbpost_content\u00bb sticky_enabled=\u00bb0&#8243;]<\/p>\n<p style=\"text-align: justify;\">Otra consecuencia m\u00e1s grave es la depresi\u00f3n cr\u00f3nica o la depresi\u00f3n que es recurrente y persistente. La depresi\u00f3n cr\u00f3nica tiene consecuencias f\u00edsicas y mentales que pueden complicar un problema de salud existente de una persona de edad avanzada y desencadenar nuevas preocupaciones.<\/p>\n<p style=\"text-align: justify;\">Hay pruebas de que algunos cambios corporales naturales asociados con el envejecimiento pueden aumentar el riesgo de que una persona de experimente depresi\u00f3n.\u00a0<\/p>\n<p>[\/et_pb_text][\/et_pb_column][\/et_pb_row][et_pb_row _builder_version=\u00bb4.21.0&#8243; _module_preset=\u00bbdefault\u00bb global_colors_info=\u00bb{}\u00bb theme_builder_area=\u00bbpost_content\u00bb][et_pb_column type=\u00bb4_4&#8243; _builder_version=\u00bb4.21.0&#8243; _module_preset=\u00bbdefault\u00bb global_colors_info=\u00bb{}\u00bb theme_builder_area=\u00bbpost_content\u00bb][et_pb_text _builder_version=\u00bb4.21.0&#8243; _module_preset=\u00bbdefault\u00bb text_font_size=\u00bb16px\u00bb hover_enabled=\u00bb0&#8243; global_colors_info=\u00bb{}\u00bb theme_builder_area=\u00bbpost_content\u00bb sticky_enabled=\u00bb0&#8243;]<\/p>\n<p style=\"text-align: justify;\">Estudios recientes sugieren que las bajas concentraciones de folato en la sangre y el sistema nervioso pueden contribuir a la depresi\u00f3n, el deterioro mental y la demencia. Los investigadores tambi\u00e9n sospechan que puede existir una relaci\u00f3n entre la aparici\u00f3n de la depresi\u00f3n en la vejez y la enfermedad de Alzheimer.<\/p>\n<p style=\"text-align: justify;\">Independientemente de la causa, la depresi\u00f3n puede tener efectos f\u00edsicos alarmantes en las personas mayores. El \u00edndice de mortalidad de los hombres y mujeres de la tercera edad que tienen depresi\u00f3n y sentimientos de soledad es mayor que el de aquellos que est\u00e1n satisfechos con sus vidas. Los programas de tratamiento para los pacientes de la tercera edad deprimidos que tienen una enfermedad cardiovascular y otras enfermedades importantes, suelen tomar m\u00e1s tiempo de lo normal y su resultado es menos satisfactorio.<\/p>\n<p style=\"text-align: justify;\">Adem\u00e1s, los sentimientos de desesperanza y aislamiento, que suelen alentar ideas suicidas, son m\u00e1s frecuentes entre las personas mayores, en especial aquellas con discapacidades o que est\u00e1n confinadas a hogares de ancianos.<\/p>\n<p>[\/et_pb_text][\/et_pb_column][\/et_pb_row][et_pb_row _builder_version=\u00bb4.21.0&#8243; _module_preset=\u00bbdefault\u00bb global_colors_info=\u00bb{}\u00bb theme_builder_area=\u00bbpost_content\u00bb locked=\u00bboff\u00bb][et_pb_column type=\u00bb4_4&#8243; _builder_version=\u00bb4.21.0&#8243; _module_preset=\u00bbdefault\u00bb global_colors_info=\u00bb{}\u00bb theme_builder_area=\u00bbpost_content\u00bb][et_pb_text _builder_version=\u00bb4.21.0&#8243; _module_preset=\u00bbe3721a3e-bb63-47a9-b818-9a5684dacbc0&#8243; hover_enabled=\u00bb0&#8243; locked=\u00bboff\u00bb global_colors_info=\u00bb{}\u00bb theme_builder_area=\u00bbpost_content\u00bb sticky_enabled=\u00bb0&#8243;]<\/p>\n<h3><strong>Un riesgo para la vida diaria<\/strong><\/h3>\n<p>[\/et_pb_text][et_pb_text _builder_version=\u00bb4.21.0&#8243; _module_preset=\u00bbdefault\u00bb text_font_size=\u00bb16px\u00bb hover_enabled=\u00bb0&#8243; locked=\u00bboff\u00bb global_colors_info=\u00bb{}\u00bb theme_builder_area=\u00bbpost_content\u00bb sticky_enabled=\u00bb0&#8243;]<\/p>\n<p style=\"text-align: justify;\">La depresi\u00f3n tambi\u00e9n puede tener otras formas de efectos potencialmente nocivos para la salud de una persona mayor. La depresi\u00f3n puede llevar a h\u00e1bitos alimenticios que acaben resultando en obesidad, provocando tambi\u00e9n p\u00e9rdida considerable del apetito y la reducci\u00f3n de niveles de energ\u00eda, ocasionado a veces un trastorno conocido como anorexia geri\u00e1trica.<\/p>\n<p style=\"text-align: justify;\">Las personas deprimidas de la tercera edad tambi\u00e9n experimentan \u00edndices m\u00e1s altos de insomnio y p\u00e9rdida de memoria. Tambi\u00e9n tienen tiempos de reacci\u00f3n m\u00e1s prolongados que lo normal, lo que aumenta los riesgos asociados con cocinar, conducir, automedicarse y otras tareas que requieren una atenci\u00f3n completa.<\/p>\n<p style=\"text-align: justify;\">[\/et_pb_text][\/et_pb_column][\/et_pb_row][et_pb_row column_structure=\u00bb1_2,1_2&#8243; make_equal=\u00bbon\u00bb _builder_version=\u00bb4.19.5&#8243; _module_preset=\u00bbdefault\u00bb locked=\u00bboff\u00bb global_colors_info=\u00bb{}\u00bb theme_builder_area=\u00bbpost_content\u00bb][et_pb_column type=\u00bb1_2&#8243; _builder_version=\u00bb4.19.5&#8243; _module_preset=\u00bbdefault\u00bb global_colors_info=\u00bb{}\u00bb theme_builder_area=\u00bbpost_content\u00bb][et_pb_image src=\u00bbhttps:\/\/saludmetodoavanzado.com\/wp-content\/uploads\/2023\/07\/Depresion-3er-edad-3.jpg\u00bb title_text=\u00bbDepresi\u00f3n 3er edad 3&#8243; _builder_version=\u00bb4.21.0&#8243; _module_preset=\u00bbdefault\u00bb hover_enabled=\u00bb0&#8243; border_radii=\u00bbon|10px|10px|10px|10px\u00bb global_colors_info=\u00bb{}\u00bb theme_builder_area=\u00bbpost_content\u00bb sticky_enabled=\u00bb0&#8243;][\/et_pb_image][\/et_pb_column][et_pb_column type=\u00bb1_2&#8243; _builder_version=\u00bb4.19.5&#8243; _module_preset=\u00bbdefault\u00bb global_colors_info=\u00bb{}\u00bb theme_builder_area=\u00bbpost_content\u00bb][et_pb_text _builder_version=\u00bb4.21.0&#8243; _module_preset=\u00bbe3721a3e-bb63-47a9-b818-9a5684dacbc0&#8243; hover_enabled=\u00bb0&#8243; locked=\u00bboff\u00bb global_colors_info=\u00bb{}\u00bb theme_builder_area=\u00bbpost_content\u00bb sticky_enabled=\u00bb0&#8243;]<\/p>\n<h3><strong>Qu\u00e9 puede hacer<\/strong><\/h3>\n<p>[\/et_pb_text][et_pb_text _builder_version=\u00bb4.21.0&#8243; _module_preset=\u00bbe3721a3e-bb63-47a9-b818-9a5684dacbc0&#8243; hover_enabled=\u00bb0&#8243; locked=\u00bboff\u00bb global_colors_info=\u00bb{}\u00bb theme_builder_area=\u00bbpost_content\u00bb sticky_enabled=\u00bb0&#8243;]<\/p>\n<p style=\"text-align: justify;\">Si bien envejecer es una parte inevitable de la vida, la depresi\u00f3n no debe formar parte de ella. Los investigadores est\u00e1n de acuerdo en que el reconocimiento, el diagn\u00f3stico y el tratamiento tempranos pueden contrarrestar y prevenir las consecuencias emocionales y f\u00edsicas de la depresi\u00f3n.<\/p>\n<p style=\"text-align: justify;\">Estos son algunos aspectos a tener en cuenta al tratar la depresi\u00f3n en una persona mayor:<\/p>\n<ul>\n<li style=\"text-align: justify;\">Sea\u00a0consciente de las limitaciones f\u00edsicas. Aliente a una persona mayor a consultar con un m\u00e9dico antes de hacer cambios en su dieta o emprender una nueva actividad que pueda estresar su resistencia.<\/li>\n<li style=\"text-align: justify;\">Respete las preferencias individuales. Debido a que las personas mayores tienden a ser menos d\u00f3ciles a los cambios de estilo de vida, pueden ser reacias a adoptar nuevos h\u00e1bitos o a hacer cosas que otras personas de su edad disfrutan mucho. Un psic\u00f3logo que se especialice en problemas de la tercera edad puede ayudar a desarrollar una estrategia individual para combatir la depresi\u00f3n.<\/li>\n<\/ul>\n<p>[\/et_pb_text][\/et_pb_column][\/et_pb_row][et_pb_row _builder_version=\u00bb4.21.0&#8243; _module_preset=\u00bbdefault\u00bb custom_padding=\u00bb4px|||||\u00bb locked=\u00bboff\u00bb global_colors_info=\u00bb{}\u00bb theme_builder_area=\u00bbpost_content\u00bb][et_pb_column type=\u00bb4_4&#8243; _builder_version=\u00bb4.21.0&#8243; _module_preset=\u00bbdefault\u00bb global_colors_info=\u00bb{}\u00bb theme_builder_area=\u00bbpost_content\u00bb][et_pb_text _builder_version=\u00bb4.21.0&#8243; _module_preset=\u00bbdefault\u00bb text_font_size=\u00bb16px\u00bb hover_enabled=\u00bb0&#8243; global_colors_info=\u00bb{}\u00bb theme_builder_area=\u00bbpost_content\u00bb sticky_enabled=\u00bb0&#8243;]<\/p>\n<ul>\n<li style=\"text-align: justify;\">Sea diplom\u00e1tico. Una persona mayor con una autoestima fr\u00e1gil puede interpretar expresiones de aliento y estimulo bien intencionadas como una prueba m\u00e1s del deterioro de su estado. Otros pueden molestarse ante cualquier intento de intervenci\u00f3n. Un psic\u00f3logo puede ayudar a sus amigos y familiares a desarrollar t\u00e1cticas positivas para lidiar con estos y otros problemas delicados.<\/li>\n<\/ul>\n<p>[\/et_pb_text][\/et_pb_column][\/et_pb_row][\/et_pb_section][et_pb_section fb_built=\u00bb1&#8243; admin_label=\u00bbCall to Action\u00bb _builder_version=\u00bb4.21.0&#8243; _module_preset=\u00bbdefault\u00bb background_color=\u00bbRGBA(224,43,32,0.84)\u00bb background_image=\u00bbhttps:\/\/saludmetodoavanzado.com\/wp-content\/uploads\/2023\/07\/health-clinic-24.jpg\u00bb background_blend=\u00bboverlay\u00bb custom_padding=\u00bb10vw||10vw||true|false\u00bb saved_tabs=\u00bball\u00bb locked=\u00bboff\u00bb collapsed=\u00bbon\u00bb global_colors_info=\u00bb{}\u00bb theme_builder_area=\u00bbpost_content\u00bb][et_pb_row _builder_version=\u00bb4.19.5&#8243; _module_preset=\u00bbdefault\u00bb max_width=\u00bb800px\u00bb global_colors_info=\u00bb{}\u00bb theme_builder_area=\u00bbpost_content\u00bb][et_pb_column type=\u00bb4_4&#8243; _builder_version=\u00bb4.19.5&#8243; _module_preset=\u00bbdefault\u00bb global_colors_info=\u00bb{}\u00bb theme_builder_area=\u00bbpost_content\u00bb][et_pb_icon font_icon=\u00bb&#xf21e;||fa||900&#8243; icon_color=\u00bb#FFFFFF\u00bb icon_width=\u00bb24px\u00bb _builder_version=\u00bb4.21.0&#8243; _module_preset=\u00bbdefault\u00bb global_colors_info=\u00bb{}\u00bb theme_builder_area=\u00bbpost_content\u00bb][\/et_pb_icon][et_pb_divider color=\u00bb#FFFFFF\u00bb _builder_version=\u00bb4.21.0&#8243; _module_preset=\u00bbdefault\u00bb max_width=\u00bb165px\u00bb module_alignment=\u00bbcenter\u00bb global_colors_info=\u00bb{}\u00bb theme_builder_area=\u00bbpost_content\u00bb][\/et_pb_divider][et_pb_text _builder_version=\u00bb4.21.0&#8243; _module_preset=\u00bbfbbb8d30-a996-4018-8358-6933d758e3e7&#8243; header_2_text_color=\u00bb#FFFFFF\u00bb text_orientation=\u00bbcenter\u00bb global_colors_info=\u00bb{}\u00bb theme_builder_area=\u00bbpost_content\u00bb]<\/p>\n<h2>Somos Salud M\u00e9todo Avanzado<\/h2>\n<p>[\/et_pb_text][et_pb_button button_url=\u00bbtel:\/+34916955473&#8243; button_text=\u00bbLlama al 916955473&#8243; button_alignment=\u00bbcenter\u00bb _builder_version=\u00bb4.21.0&#8243; _module_preset=\u00bbdefault\u00bb custom_button=\u00bbon\u00bb button_text_size=\u00bb16px\u00bb button_text_color=\u00bb#FFFFFF\u00bb button_bg_color=\u00bb#000000&#8243; button_border_color=\u00bb#000000&#8243; button_font=\u00bb|600|||||||\u00bb button_icon=\u00bb&#x49;||divi||400&#8243; locked=\u00bboff\u00bb global_colors_info=\u00bb{}\u00bb theme_builder_area=\u00bbpost_content\u00bb][\/et_pb_button][\/et_pb_column][\/et_pb_row][\/et_pb_section]<\/p>\n","protected":false},"excerpt":{"rendered":"<p>Tercera EdadLa tercera edad y la depresi\u00f3nLa tercera edad suele describirse como una \u00e9poca de descanso, reflexi\u00f3n y de oportunidades para hacer cosas que quedaron postergadas mientras uno criaba a los hijos y desarrollaba su carrera. Lamentablemente, el proceso de envejecimiento no es siempre tan id\u00edlico. Acontecimientos de la tercera edad como, por ejemplo, los [&hellip;]<\/p>\n","protected":false},"author":1,"featured_media":0,"parent":0,"menu_order":0,"comment_status":"closed","ping_status":"closed","template":"","meta":{"_et_pb_use_builder":"on","_et_pb_old_content":"<!-- wp:divi\/placeholder \/-->","_et_gb_content_width":"","_joinchat":[],"footnotes":""},"class_list":["post-227","page","type-page","status-publish","hentry"],"_links":{"self":[{"href":"https:\/\/saludmetodoavanzado.com\/index.php\/wp-json\/wp\/v2\/pages\/227","targetHints":{"allow":["GET"]}}],"collection":[{"href":"https:\/\/saludmetodoavanzado.com\/index.php\/wp-json\/wp\/v2\/pages"}],"about":[{"href":"https:\/\/saludmetodoavanzado.com\/index.php\/wp-json\/wp\/v2\/types\/page"}],"author":[{"embeddable":true,"href":"https:\/\/saludmetodoavanzado.com\/index.php\/wp-json\/wp\/v2\/users\/1"}],"replies":[{"embeddable":true,"href":"https:\/\/saludmetodoavanzado.com\/index.php\/wp-json\/wp\/v2\/comments?post=227"}],"version-history":[{"count":3,"href":"https:\/\/saludmetodoavanzado.com\/index.php\/wp-json\/wp\/v2\/pages\/227\/revisions"}],"predecessor-version":[{"id":234,"href":"https:\/\/saludmetodoavanzado.com\/index.php\/wp-json\/wp\/v2\/pages\/227\/revisions\/234"}],"wp:attachment":[{"href":"https:\/\/saludmetodoavanzado.com\/index.php\/wp-json\/wp\/v2\/media?parent=227"}],"curies":[{"name":"wp","href":"https:\/\/api.w.org\/{rel}","templated":true}]}}